{"id":4762,"date":"2024-04-28T15:55:08","date_gmt":"2024-04-28T13:55:08","guid":{"rendered":"https:\/\/limousins.be\/ein-guter-erfolg-in-der-limousin-zucht\/"},"modified":"2025-03-19T09:34:26","modified_gmt":"2025-03-19T08:34:26","slug":"ein-guter-erfolg-in-der-limousin-zucht","status":"publish","type":"page","link":"https:\/\/limousins.be\/de\/auswahl\/ein-guter-erfolg-in-der-limousin-zucht\/","title":{"rendered":"Ein guter Erfolg in der Limousin-Zucht"},"content":{"rendered":"<p>[et_pb_section fb_built=&#8220;1&#8243; admin_label=&#8220;Hero Section&#8220; _builder_version=&#8220;4.19.5&#8243; use_background_color_gradient=&#8220;on&#8220; background_color_gradient_direction=&#8220;90deg&#8220; background_color_gradient_stops=&#8220;#f4f0e9 25%|rgba(244,240,233,0) 100%&#8220; background_color_gradient_overlays_image=&#8220;on&#8220; background_color_gradient_start=&#8220;#f4f0e9&#8243; background_color_gradient_start_position=&#8220;30%&#8220; background_color_gradient_end=&#8220;rgba(244,240,233,0)&#8220; background_image=&#8220;https:\/\/limousins.sabeo.be\/wp-content\/uploads\/2023\/02\/limousin_taureau_Andre_b.png&#8220; custom_margin=&#8220;|||&#8220; custom_padding=&#8220;14%|0px|14%|0px&#8220; global_colors_info=&#8220;{}&#8220;][et_pb_row custom_padding_last_edited=&#8220;off|desktop&#8220; admin_label=&#8220;Hero Area&#8220; _builder_version=&#8220;4.19.5&#8243; custom_padding=&#8220;27px|0px|0px|0px&#8220; global_colors_info=&#8220;{}&#8220;][et_pb_column type=&#8220;4_4&#8243; _builder_version=&#8220;4.16&#8243; custom_padding=&#8220;|||&#8220; global_colors_info=&#8220;{}&#8220; custom_padding__hover=&#8220;|||&#8220;][et_pb_text admin_label=&#8220;Hero Title&#8220; _builder_version=&#8220;4.25.0&#8243; text_font=&#8220;Playfair Display||||||||&#8220; header_font=&#8220;||||||||&#8220; header_font_size=&#8220;120px&#8220; header_letter_spacing=&#8220;-3px&#8220; header_line_height=&#8220;1.1em&#8220; animation_style=&#8220;slide&#8220; animation_direction=&#8220;left&#8220; animation_intensity_slide=&#8220;5%&#8220; animation_starting_opacity=&#8220;100%&#8220; text_font_size_last_edited=&#8220;off|desktop&#8220; header_font_size_tablet=&#8220;&#8220; header_font_size_phone=&#8220;60px&#8220; header_font_size_last_edited=&#8220;on|phone&#8220; global_colors_info=&#8220;{}&#8220;]<\/p>\n<h1>Ein guter Erfolg in der <span class=\"il\">Limousin-Zucht<\/span><\/h1>\n<p>[\/et_pb_text][et_pb_text _builder_version=&#8220;4.25.0&#8243; text_font=&#8220;||||||||&#8220; text_font_size=&#8220;18px&#8220; text_line_height=&#8220;1.8em&#8220; header_font=&#8220;||||||||&#8220; max_width=&#8220;500px&#8220; custom_margin=&#8220;|||&#8220; custom_padding=&#8220;||10px|&#8220; animation_style=&#8220;slide&#8220; animation_direction=&#8220;left&#8220; animation_intensity_slide=&#8220;5%&#8220; animation_starting_opacity=&#8220;100%&#8220; global_colors_info=&#8220;{}&#8220;]<\/p>\n<p>Technischer Tag<\/p>\n<p>[\/et_pb_text][et_pb_button button_url=&#8220;https:\/\/limousins.be\/wp-content\/uploads\/2024\/04\/Journee-technique-28-10-2023-5.pdf&#8220; button_text=&#8220;Dokument herunterladen&#8220; disabled_on=&#8220;off|off|off&#8220; _builder_version=&#8220;4.25.0&#8243; custom_button=&#8220;on&#8220; button_text_size=&#8220;15px&#8220; button_text_color=&#8220;#f7f3ee&#8220; button_bg_color=&#8220;#959d93&#8243; button_border_width=&#8220;0px&#8220; button_border_radius=&#8220;100px&#8220; button_letter_spacing=&#8220;2px&#8220; button_font=&#8220;|700||on|||||&#8220; button_use_icon=&#8220;off&#8220; custom_padding=&#8220;16px|30px|16px|30px&#8220; animation_style=&#8220;slide&#8220; animation_direction=&#8220;left&#8220; animation_intensity_slide=&#8220;10%&#8220; animation_starting_opacity=&#8220;100%&#8220; hover_enabled=&#8220;0&#8243; button_letter_spacing_hover=&#8220;2px&#8220; button_bg_color_hover=&#8220;#e0c588&#8243; global_colors_info=&#8220;{}&#8220; button_text_size__hover_enabled=&#8220;off&#8220; button_one_text_size__hover_enabled=&#8220;off&#8220; button_two_text_size__hover_enabled=&#8220;off&#8220; button_text_color__hover_enabled=&#8220;off&#8220; button_one_text_color__hover_enabled=&#8220;off&#8220; button_two_text_color__hover_enabled=&#8220;off&#8220; button_border_width__hover_enabled=&#8220;off&#8220; button_one_border_width__hover_enabled=&#8220;off&#8220; button_two_border_width__hover_enabled=&#8220;off&#8220; button_border_color__hover_enabled=&#8220;off&#8220; button_one_border_color__hover_enabled=&#8220;off&#8220; button_two_border_color__hover_enabled=&#8220;off&#8220; button_border_radius__hover_enabled=&#8220;off&#8220; button_one_border_radius__hover_enabled=&#8220;off&#8220; button_two_border_radius__hover_enabled=&#8220;off&#8220; button_letter_spacing__hover_enabled=&#8220;on&#8220; button_letter_spacing__hover=&#8220;2px&#8220; button_one_letter_spacing__hover_enabled=&#8220;off&#8220; button_two_letter_spacing__hover_enabled=&#8220;off&#8220; button_bg_color__hover_enabled=&#8220;on&#8220; button_bg_color__hover=&#8220;#e0c588&#8243; button_one_bg_color__hover_enabled=&#8220;off&#8220; button_two_bg_color__hover_enabled=&#8220;off&#8220; url_new_window=&#8220;on&#8220; sticky_enabled=&#8220;0&#8243;][\/et_pb_button][\/et_pb_column][\/et_pb_row][\/et_pb_section][et_pb_section fb_built=&#8220;1&#8243; _builder_version=&#8220;4.19.5&#8243; _module_preset=&#8220;default&#8220; global_colors_info=&#8220;{}&#8220;][et_pb_row column_structure=&#8220;1_2,1_2&#8243; _builder_version=&#8220;4.19.5&#8243; _module_preset=&#8220;default&#8220; global_colors_info=&#8220;{}&#8220;][et_pb_column type=&#8220;1_2&#8243; _builder_version=&#8220;4.19.5&#8243; _module_preset=&#8220;default&#8220; global_colors_info=&#8220;{}&#8220;][et_pb_text admin_label=&#8220;texte&#8220; _builder_version=&#8220;4.25.0&#8243; text_font=&#8220;||||||||&#8220; text_line_height=&#8220;1.8em&#8220; module_alignment=&#8220;center&#8220; animation_style=&#8220;slide&#8220; animation_direction=&#8220;top&#8220; animation_intensity_slide=&#8220;20%&#8220; animation_starting_opacity=&#8220;100%&#8220; global_colors_info=&#8220;{}&#8220;]<\/p>\n<p>Hier finden Sie das Dokument, das w\u00e4hrend des technischen Tages &#8222;Ein guter Erfolg in der Limousin-Zucht&#8220; zur Verf\u00fcgung gestellt wurde.  <\/p>\n<p>[\/et_pb_text][\/et_pb_column][et_pb_column type=&#8220;1_2&#8243; _builder_version=&#8220;4.19.5&#8243; _module_preset=&#8220;default&#8220; global_colors_info=&#8220;{}&#8220;][et_pb_button button_url=&#8220;https:\/\/limousins.be\/wp-content\/uploads\/2024\/04\/Journee-technique-28-10-2023-5.pdf&#8220; url_new_window=&#8220;on&#8220; button_text=&#8220;Dokument herunterladen&#8220; _builder_version=&#8220;4.25.0&#8243; _module_preset=&#8220;default&#8220; global_colors_info=&#8220;{}&#8220;][\/et_pb_button][\/et_pb_column][\/et_pb_row][\/et_pb_section][et_pb_section fb_built=&#8220;1&#8243; admin_label=&#8220;liens s\u00e9lection&#8220; _builder_version=&#8220;4.19.5&#8243; _module_preset=&#8220;default&#8220; global_module=&#8220;751&#8243; global_colors_info=&#8220;{}&#8220;][et_pb_row column_structure=&#8220;1_2,1_2&#8243; admin_label=&#8220;Row&#8220; _builder_version=&#8220;4.19.5&#8243; _module_preset=&#8220;default&#8220; global_colors_info=&#8220;{}&#8220;][et_pb_column type=&#8220;1_2&#8243; _builder_version=&#8220;4.19.5&#8243; _module_preset=&#8220;default&#8220; global_colors_info=&#8220;{}&#8220;][et_pb_blurb title=&#8220;Rassestandard&#8220; image=&#8220;https:\/\/limousins.sabeo.be\/wp-content\/uploads\/2023\/03\/blurb_une_vache.jpg&#8220; admin_label=&#8220;Standard de la race&#8220; _builder_version=&#8220;4.19.5&#8243; _module_preset=&#8220;default&#8220; link_option_url=&#8220;https:\/\/limousins.be\/selection\/standard-de-la-race\/&#8220; global_colors_info=&#8220;{}&#8220;][\/et_pb_blurb][\/et_pb_column][et_pb_column type=&#8220;1_2&#8243; _builder_version=&#8220;4.19.5&#8243; _module_preset=&#8220;default&#8220; global_colors_info=&#8220;{}&#8220;][et_pb_blurb title=&#8220;Genealogische B\u00fccher&#8220; image=&#8220;https:\/\/limousins.sabeo.be\/wp-content\/uploads\/2023\/03\/blurb_deux_vaches.jpg&#8220; admin_label=&#8220;Livres g\u00e9n\u00e9alogiques&#8220; _builder_version=&#8220;4.19.5&#8243; _module_preset=&#8220;default&#8220; link_option_url=&#8220;https:\/\/limousins.be\/selection\/livres-genealogiques\/&#8220; global_colors_info=&#8220;{}&#8220;][\/et_pb_blurb][\/et_pb_column][\/et_pb_row][et_pb_row column_structure=&#8220;1_2,1_2&#8243; _builder_version=&#8220;4.19.5&#8243; _module_preset=&#8220;default&#8220; global_colors_info=&#8220;{}&#8220;][et_pb_column type=&#8220;1_2&#8243; _builder_version=&#8220;4.19.5&#8243; _module_preset=&#8220;default&#8220; global_colors_info=&#8220;{}&#8220;][et_pb_blurb title=&#8220;Leistungskontrolle: Wiegen und Stempeln&#8220; image=&#8220;https:\/\/limousins.sabeo.be\/wp-content\/uploads\/2023\/03\/blurb_pesee.jpg&#8220; admin_label=&#8220;Contr\u00f4le de performances&#8220; _builder_version=&#8220;4.19.5&#8243; _module_preset=&#8220;default&#8220; link_option_url=&#8220;https:\/\/limousins.be\/selection\/controles-de-performances\/&#8220; global_colors_info=&#8220;{}&#8220;][\/et_pb_blurb][\/et_pb_column][et_pb_column type=&#8220;1_2&#8243; _builder_version=&#8220;4.19.5&#8243; _module_preset=&#8220;default&#8220; global_colors_info=&#8220;{}&#8220;][et_pb_blurb title=&#8220;Wie Sie sich anmelden&#8220; image=&#8220;https:\/\/limousins.sabeo.be\/wp-content\/uploads\/2023\/03\/blurb_trois_vaches.jpg&#8220; admin_label=&#8220;Comment inscrire&#8220; _builder_version=&#8220;4.19.5&#8243; _module_preset=&#8220;default&#8220; link_option_url=&#8220;https:\/\/limousins.be\/selection\/comment-inscrire\/&#8220; global_colors_info=&#8220;{}&#8220;][\/et_pb_blurb][\/et_pb_column][\/et_pb_row][\/et_pb_section][et_pb_section fb_built=&#8220;1&#8243; disabled_on=&#8220;on|on|on&#8220; admin_label=&#8220;Feature Section&#8220; _builder_version=&#8220;4.19.5&#8243; background_color=&#8220;#f7f7f7&#8243; background_image=&#8220;https:\/\/limousins.sabeo.be\/wp-content\/uploads\/2023\/02\/7_img.png&#8220; background_size=&#8220;contain&#8220; background_position=&#8220;bottom_center&#8220; custom_padding=&#8220;110px|0px|0px|0px&#8220; disabled=&#8220;on&#8220; collapsed=&#8220;off&#8220; global_colors_info=&#8220;{}&#8220;][et_pb_row admin_label=&#8220;Titel Area&#8220; _builder_version=&#8220;4.16&#8243; custom_padding=&#8220;|||&#8220; locked=&#8220;off&#8220; global_colors_info=&#8220;{}&#8220;][et_pb_column type=&#8220;4_4&#8243; _builder_version=&#8220;4.16&#8243; custom_padding=&#8220;|||&#8220; global_colors_info=&#8220;{}&#8220; custom_padding__hover=&#8220;|||&#8220;][et_pb_text admin_label=&#8220;Title&#8220; _builder_version=&#8220;4.19.5&#8243; text_font=&#8220;||||||||&#8220; header_font=&#8220;||||||||&#8220; header_2_font=&#8220;||||||||&#8220; header_2_text_align=&#8220;center&#8220; header_2_font_size=&#8220;42px&#8220; header_2_line_height=&#8220;1.3em&#8220; custom_margin=&#8220;||20px|&#8220; animation_style=&#8220;slide&#8220; animation_direction=&#8220;top&#8220; animation_intensity_slide=&#8220;30%&#8220; animation_starting_opacity=&#8220;100%&#8220; global_colors_info=&#8220;{}&#8220;]<\/p>\n<h2>Die Auswahl<\/h2>\n<p>[\/et_pb_text][et_pb_divider color=&#8220;#2a2a2a&#8220; divider_weight=&#8220;3px&#8220; _builder_version=&#8220;4.16&#8243; max_width=&#8220;50px&#8220; module_alignment=&#8220;center&#8220; custom_margin=&#8220;||10px|&#8220; animation_style=&#8220;slide&#8220; animation_direction=&#8220;top&#8220; animation_intensity_slide=&#8220;30%&#8220; animation_starting_opacity=&#8220;100%&#8220; global_colors_info=&#8220;{}&#8220;][\/et_pb_divider][et_pb_text admin_label=&#8220;Subtitle&#8220; _builder_version=&#8220;4.19.5&#8243; text_font=&#8220;||||||||&#8220; text_line_height=&#8220;1.8em&#8220; text_orientation=&#8220;center&#8220; max_width=&#8220;700px&#8220; module_alignment=&#8220;center&#8220; animation_style=&#8220;slide&#8220; animation_direction=&#8220;top&#8220; animation_intensity_slide=&#8220;20%&#8220; animation_starting_opacity=&#8220;100%&#8220; global_colors_info=&#8220;{}&#8220;]<\/p>\n<p>Das Ziel des Herdbuches ist es, die Reinheit der Rasse zu erhalten und durch eine intelligente und kontinuierliche Auswahl zu ihrer Verbesserung beizutragen.<\/p>\n<p>Der Zweck des Vereins besteht au\u00dferdem darin, die Verbreitung der Limousin-Rasse und den Verkauf von Zuchttieren in Belgien und im Ausland zu unterst\u00fctzen.<\/p>\n<p>Er ist daher f\u00fcr verschiedene Aufgaben verantwortlich, wie das F\u00fchren der verschiedenen Herdb\u00fccher und Dokumente; die Organisation von Anmeldetouren, Wettbewerben und Ausstellungen der Rasse und Leistungspr\u00fcfungen; die Zulassung von importierten Tieren und die Erstellung von offiziellen Stammb\u00e4umen f\u00fcr den Export von belgischen Tieren.<\/p>\n<p>[\/et_pb_text][\/et_pb_column][\/et_pb_row][et_pb_row column_structure=&#8220;1_3,1_3,1_3&#8243; use_custom_gutter=&#8220;on&#8220; gutter_width=&#8220;4&#8243; _builder_version=&#8220;4.16&#8243; width=&#8220;100%&#8220; max_width=&#8220;100%&#8220; custom_margin=&#8220;40px|||&#8220; custom_padding=&#8220;|0px|0px|0px&#8220; use_custom_width=&#8220;on&#8220; width_unit=&#8220;off&#8220; custom_width_percent=&#8220;100%&#8220; global_colors_info=&#8220;{}&#8220;][et_pb_column type=&#8220;1_3&#8243; _builder_version=&#8220;4.16&#8243; custom_padding=&#8220;20%|||&#8220; global_colors_info=&#8220;{}&#8220; custom_padding__hover=&#8220;|||&#8220;][et_pb_cta title=&#8220;Indoor Pflanzen&#8220; button_url=&#8220;#&#8220; button_text=&#8220;Learn More&#8220; _builder_version=&#8220;4.16&#8243; header_font=&#8220;Alice||||||||&#8220; header_font_size=&#8220;32px&#8220; header_line_height=&#8220;1.5em&#8220; body_font=&#8220;||||||||&#8220; body_line_height=&#8220;1.8em&#8220; use_background_color=&#8220;off&#8220; custom_button=&#8220;on&#8220; button_text_size=&#8220;15px&#8220; button_text_color=&#8220;rgba(0,0,0,0.7)&#8220; button_bg_color=&#8220;#efe8d7&#8243; button_border_width=&#8220;12px&#8220; button_border_color=&#8220;#efe8d7&#8243; button_border_radius=&#8220;100px&#8220; button_letter_spacing=&#8220;2px&#8220; button_font=&#8220;|700||on|||||&#8220; button_use_icon=&#8220;off&#8220; text_orientation=&#8220;left&#8220; background_layout=&#8220;light&#8220; custom_margin=&#8220;||80px|80px&#8220; button_border_color_hover=&#8220;#e0c588&#8243; button_letter_spacing_hover=&#8220;2px&#8220; button_bg_color_hover=&#8220;#e0c588&#8243; global_colors_info=&#8220;{}&#8220; button_text_size__hover_enabled=&#8220;off&#8220; button_one_text_size__hover_enabled=&#8220;off&#8220; button_two_text_size__hover_enabled=&#8220;off&#8220; button_text_color__hover_enabled=&#8220;off&#8220; button_one_text_color__hover_enabled=&#8220;off&#8220; button_two_text_color__hover_enabled=&#8220;off&#8220; button_border_width__hover_enabled=&#8220;off&#8220; button_one_border_width__hover_enabled=&#8220;off&#8220; button_two_border_width__hover_enabled=&#8220;off&#8220; button_border_color__hover_enabled=&#8220;on&#8220; button_border_color__hover=&#8220;#e0c588&#8243; button_one_border_color__hover_enabled=&#8220;off&#8220; button_two_border_color__hover_enabled=&#8220;off&#8220; button_border_radius__hover_enabled=&#8220;off&#8220; button_one_border_radius__hover_enabled=&#8220;off&#8220; button_two_border_radius__hover_enabled=&#8220;off&#8220; button_letter_spacing__hover_enabled=&#8220;on&#8220; button_letter_spacing__hover=&#8220;2px&#8220; button_one_letter_spacing__hover_enabled=&#8220;off&#8220; button_two_letter_spacing__hover_enabled=&#8220;off&#8220; button_bg_color__hover_enabled=&#8220;on&#8220; button_bg_color__hover=&#8220;#e0c588&#8243; button_one_bg_color__hover_enabled=&#8220;off&#8220; button_two_bg_color__hover_enabled=&#8220;off&#8220;]<\/p>\n<p>Cras id velit metus. Pellentesque malesuada maximus ligula. Aenean quis ipsum sed neque dapibus posuere sit amet id felis. Mauris molestie nisl non elit     <\/p>\n<p>[\/et_pb_cta][et_pb_image src=&#8220;https:\/\/limousins.sabeo.be\/wp-content\/uploads\/2023\/02\/florist-10.jpg&#8220; align_tablet=&#8220;center&#8220; align_phone=&#8220;center&#8220; align_last_edited=&#8220;on|desktop&#8220; _builder_version=&#8220;4.16&#8243; max_width=&#8220;90%&#8220; animation_style=&#8220;zoom&#8220; animation_direction=&#8220;left&#8220; animation_intensity_zoom=&#8220;10%&#8220; locked=&#8220;off&#8220; global_colors_info=&#8220;{}&#8220;][\/et_pb_image][\/et_pb_column][et_pb_column type=&#8220;1_3&#8243; _builder_version=&#8220;4.16&#8243; custom_padding=&#8220;|||&#8220; global_colors_info=&#8220;{}&#8220; custom_padding__hover=&#8220;|||&#8220;][et_pb_image src=&#8220;https:\/\/limousins.sabeo.be\/wp-content\/uploads\/2023\/02\/florist-07-2.jpg&#8220; force_fullwidth=&#8220;on&#8220; align_tablet=&#8220;center&#8220; align_phone=&#8220;center&#8220; align_last_edited=&#8220;on|desktop&#8220; _builder_version=&#8220;4.16&#8243; animation_style=&#8220;zoom&#8220; animation_direction=&#8220;bottom&#8220; animation_intensity_zoom=&#8220;10%&#8220; locked=&#8220;off&#8220; global_colors_info=&#8220;{}&#8220;][\/et_pb_image][et_pb_cta title=&#8220;Flower Subscription&#8220; button_url=&#8220;#&#8220; button_text=&#8220;Learn More&#8220; _builder_version=&#8220;4.16&#8243; header_font=&#8220;Alice||||||||&#8220; header_font_size=&#8220;32px&#8220; header_line_height=&#8220;1.5em&#8220; body_font=&#8220;||||||||&#8220; body_line_height=&#8220;1.8em&#8220; use_background_color=&#8220;off&#8220; custom_button=&#8220;on&#8220; button_text_size=&#8220;15px&#8220; button_text_color=&#8220;rgba(0,0,0,0.7)&#8220; button_bg_color=&#8220;#efe8d7&#8243; button_border_width=&#8220;12px&#8220; button_border_color=&#8220;#efe8d7&#8243; button_border_radius=&#8220;100px&#8220; button_letter_spacing=&#8220;2px&#8220; button_font=&#8220;|700||on|||||&#8220; button_use_icon=&#8220;off&#8220; text_orientation=&#8220;left&#8220; background_layout=&#8220;light&#8220; custom_margin=&#8220;80px|||&#8220; custom_padding=&#8220;|||&#8220; button_border_color_hover=&#8220;#e0c588&#8243; button_letter_spacing_hover=&#8220;2px&#8220; button_bg_color_hover=&#8220;#e0c588&#8243; global_colors_info=&#8220;{}&#8220; button_text_size__hover_enabled=&#8220;off&#8220; button_one_text_size__hover_enabled=&#8220;off&#8220; button_two_text_size__hover_enabled=&#8220;off&#8220; button_text_color__hover_enabled=&#8220;off&#8220; button_one_text_color__hover_enabled=&#8220;off&#8220; button_two_text_color__hover_enabled=&#8220;off&#8220; button_border_width__hover_enabled=&#8220;off&#8220; button_one_border_width__hover_enabled=&#8220;off&#8220; button_two_border_width__hover_enabled=&#8220;off&#8220; button_border_color__hover_enabled=&#8220;on&#8220; button_border_color__hover=&#8220;#e0c588&#8243; button_one_border_color__hover_enabled=&#8220;off&#8220; button_two_border_color__hover_enabled=&#8220;off&#8220; button_border_radius__hover_enabled=&#8220;off&#8220; button_one_border_radius__hover_enabled=&#8220;off&#8220; button_two_border_radius__hover_enabled=&#8220;off&#8220; button_letter_spacing__hover_enabled=&#8220;on&#8220; button_letter_spacing__hover=&#8220;2px&#8220; button_one_letter_spacing__hover_enabled=&#8220;off&#8220; button_two_letter_spacing__hover_enabled=&#8220;off&#8220; button_bg_color__hover_enabled=&#8220;on&#8220; button_bg_color__hover=&#8220;#e0c588&#8243; button_one_bg_color__hover_enabled=&#8220;off&#8220; button_two_bg_color__hover_enabled=&#8220;off&#8220;]Cras id velit metus. Pellentesque malesuada maximus ligula. Aenean quis ipsum sed neque dapibus posuere sit amet id felis. Mauris molestie nisl non elit bibendum mattis.[\/et_pb_cta][\/et_pb_column][et_pb_column type=&#8220;1_3&#8243; _builder_version=&#8220;4.16&#8243; custom_padding=&#8220;10%|||&#8220; global_colors_info=&#8220;{}&#8220; custom_padding__hover=&#8220;|||&#8220;][et_pb_cta title=&#8220;Artist Collaboration&#8220; button_url=&#8220;#&#8220; button_text=&#8220;Details&#8220; _builder_version=&#8220;4.16&#8243; header_font=&#8220;Alice||||||||&#8220; header_font_size=&#8220;32px&#8220; header_line_height=&#8220;1.5em&#8220; body_font=&#8220;||||||||&#8220; body_line_height=&#8220;1.8em&#8220; use_background_color=&#8220;off&#8220; custom_button=&#8220;on&#8220; button_text_size=&#8220;15px&#8220; button_text_color=&#8220;rgba(0,0,0,0.7)&#8220; button_bg_color=&#8220;#efe8d7&#8243; button_border_width=&#8220;12px&#8220; button_border_color=&#8220;#efe8d7&#8243; button_border_radius=&#8220;100px&#8220; button_letter_spacing=&#8220;2px&#8220; button_font=&#8220;|700||on|||||&#8220; button_use_icon=&#8220;off&#8220; text_orientation=&#8220;left&#8220; background_layout=&#8220;light&#8220; custom_margin=&#8220;|80px|80px|&#8220; button_border_color_hover=&#8220;#e0c588&#8243; button_letter_spacing_hover=&#8220;2px&#8220; button_bg_color_hover=&#8220;#e0c588&#8243; global_colors_info=&#8220;{}&#8220; button_text_size__hover_enabled=&#8220;off&#8220; button_one_text_size__hover_enabled=&#8220;off&#8220; button_two_text_size__hover_enabled=&#8220;off&#8220; button_text_color__hover_enabled=&#8220;off&#8220; button_one_text_color__hover_enabled=&#8220;off&#8220; button_two_text_color__hover_enabled=&#8220;off&#8220; button_border_width__hover_enabled=&#8220;off&#8220; button_one_border_width__hover_enabled=&#8220;off&#8220; button_two_border_width__hover_enabled=&#8220;off&#8220; button_border_color__hover_enabled=&#8220;on&#8220; button_border_color__hover=&#8220;#e0c588&#8243; button_one_border_color__hover_enabled=&#8220;off&#8220; button_two_border_color__hover_enabled=&#8220;off&#8220; button_border_radius__hover_enabled=&#8220;off&#8220; button_one_border_radius__hover_enabled=&#8220;off&#8220; button_two_border_radius__hover_enabled=&#8220;off&#8220; button_letter_spacing__hover_enabled=&#8220;on&#8220; button_letter_spacing__hover=&#8220;2px&#8220; button_one_letter_spacing__hover_enabled=&#8220;off&#8220; button_two_letter_spacing__hover_enabled=&#8220;off&#8220; button_bg_color__hover_enabled=&#8220;on&#8220; button_bg_color__hover=&#8220;#e0c588&#8243; button_one_bg_color__hover_enabled=&#8220;off&#8220; button_two_bg_color__hover_enabled=&#8220;off&#8220;]<\/p>\n<p>Cras id velit metus. Pellentesque malesuada maximus ligula. Aenean quis ipsum sed neque dapibus posuere sit amet id felis. Mauris molestie nisl n   <\/p>\n<p>[\/et_pb_cta][et_pb_image src=&#8220;https:\/\/limousins.sabeo.be\/wp-content\/uploads\/2023\/02\/florist-07.jpg&#8220; force_fullwidth=&#8220;on&#8220; align_tablet=&#8220;center&#8220; align_phone=&#8220;center&#8220; align_last_edited=&#8220;on|desktop&#8220; _builder_version=&#8220;4.16&#8243; custom_margin=&#8220;|||&#8220; animation_style=&#8220;zoom&#8220; animation_direction=&#8220;right&#8220; animation_intensity_zoom=&#8220;10%&#8220; locked=&#8220;off&#8220; global_colors_info=&#8220;{}&#8220;][\/et_pb_image][\/et_pb_column][\/et_pb_row][\/et_pb_section]<\/p>\n","protected":false},"excerpt":{"rendered":"<p>Ein guter Erfolg in der Limousin-ZuchtTechnischer TagHier finden Sie das Dokument, das w\u00e4hrend des technischen Tages &#8222;Ein guter Erfolg in der Limousin-Zucht&#8220; zur Verf\u00fcgung gestellt wurde. Die AuswahlDas Ziel des Herdbuches ist es, die Reinheit der Rasse zu erhalten und durch eine intelligente und kontinuierliche Auswahl zu ihrer Verbesserung beizutragen. Der Zweck des Vereins besteht [&hellip;]<\/p>\n","protected":false},"author":1,"featured_media":0,"parent":5264,"menu_order":0,"comment_status":"closed","ping_status":"closed","template":"","meta":{"_et_pb_use_builder":"on","_et_pb_old_content":"","_et_gb_content_width":"","footnotes":""},"class_list":["post-4762","page","type-page","status-publish","hentry"],"_links":{"self":[{"href":"https:\/\/limousins.be\/de\/wp-json\/wp\/v2\/pages\/4762","targetHints":{"allow":["GET"]}}],"collection":[{"href":"https:\/\/limousins.be\/de\/wp-json\/wp\/v2\/pages"}],"about":[{"href":"https:\/\/limousins.be\/de\/wp-json\/wp\/v2\/types\/page"}],"author":[{"embeddable":true,"href":"https:\/\/limousins.be\/de\/wp-json\/wp\/v2\/users\/1"}],"replies":[{"embeddable":true,"href":"https:\/\/limousins.be\/de\/wp-json\/wp\/v2\/comments?post=4762"}],"version-history":[{"count":1,"href":"https:\/\/limousins.be\/de\/wp-json\/wp\/v2\/pages\/4762\/revisions"}],"predecessor-version":[{"id":4772,"href":"https:\/\/limousins.be\/de\/wp-json\/wp\/v2\/pages\/4762\/revisions\/4772"}],"up":[{"embeddable":true,"href":"https:\/\/limousins.be\/de\/wp-json\/wp\/v2\/pages\/5264"}],"wp:attachment":[{"href":"https:\/\/limousins.be\/de\/wp-json\/wp\/v2\/media?parent=4762"}],"curies":[{"name":"wp","href":"https:\/\/api.w.org\/{rel}","templated":true}]}}