{"id":4771,"date":"2024-11-25T10:39:16","date_gmt":"2024-11-25T09:39:16","guid":{"rendered":"https:\/\/limousins.be\/fotos-tag-in-olne\/"},"modified":"2025-03-19T09:35:51","modified_gmt":"2025-03-19T08:35:51","slug":"fotos-tag-in-olne","status":"publish","type":"page","link":"https:\/\/limousins.be\/de\/fotos-videos\/fotos\/fotos-tag-in-olne\/","title":{"rendered":"Fotos &#8211; Tag in Olne"},"content":{"rendered":"<p>[et_pb_section fb_built=&#8220;1&#8243; admin_label=&#8220;Hero Section&#8220; _builder_version=&#8220;4.27.2&#8243; use_background_color_gradient=&#8220;on&#8220; background_color_gradient_direction=&#8220;90deg&#8220; background_color_gradient_stops=&#8220;rgba(244,240,233,0.9) 30%|rgba(244,240,233,0) 100%&#8220; background_color_gradient_overlays_image=&#8220;on&#8220; background_color_gradient_start=&#8220;rgba(244,240,233,0.9)&#8220; background_color_gradient_start_position=&#8220;30%&#8220; background_color_gradient_end=&#8220;rgba(244,240,233,0)&#8220; background_image=&#8220;https:\/\/limousins.be\/wp-content\/uploads\/2024\/11\/ADS_5290-scaled.jpg&#8220; custom_margin=&#8220;|||&#8220; custom_padding=&#8220;200px|0px|200px|0px|false|false&#8220; global_colors_info=&#8220;{}&#8220;][et_pb_row custom_padding_last_edited=&#8220;off|desktop&#8220; admin_label=&#8220;Hero Area&#8220; _builder_version=&#8220;4.27.0&#8243; custom_padding=&#8220;27px|0px|0px|0px&#8220; global_colors_info=&#8220;{}&#8220;][et_pb_column type=&#8220;4_4&#8243; _builder_version=&#8220;4.16&#8243; custom_padding=&#8220;|||&#8220; global_colors_info=&#8220;{}&#8220; custom_padding__hover=&#8220;|||&#8220;][et_pb_text admin_label=&#8220;Hero Title&#8220; _builder_version=&#8220;4.27.2&#8243; text_font=&#8220;Playfair Display||||||||&#8220; header_font=&#8220;||||||||&#8220; header_font_size=&#8220;80px&#8220; header_letter_spacing=&#8220;-3px&#8220; header_line_height=&#8220;1.1em&#8220; custom_margin=&#8220;||0px|&#8220; custom_padding=&#8220;|||&#8220; animation_style=&#8220;slide&#8220; animation_direction=&#8220;left&#8220; animation_intensity_slide=&#8220;5%&#8220; animation_starting_opacity=&#8220;100%&#8220; text_font_size_last_edited=&#8220;off|desktop&#8220; header_font_size_tablet=&#8220;&#8220; header_font_size_phone=&#8220;60px&#8220; header_font_size_last_edited=&#8220;on|phone&#8220; global_colors_info=&#8220;{}&#8220;]<\/p>\n<h1><strong>Tag in Olne<\/strong>.<\/h1>\n<p>[\/et_pb_text][et_pb_text _builder_version=&#8220;4.27.2&#8243; text_font=&#8220;||||||||&#8220; text_font_size=&#8220;18px&#8220; text_line_height=&#8220;1.8em&#8220; header_font=&#8220;||||||||&#8220; max_width=&#8220;500px&#8220; custom_margin=&#8220;|||&#8220; custom_padding=&#8220;||10px|&#8220; animation_style=&#8220;slide&#8220; animation_direction=&#8220;left&#8220; animation_intensity_slide=&#8220;5%&#8220; animation_starting_opacity=&#8220;100%&#8220; global_colors_info=&#8220;{}&#8220;]<\/p>\n<p>An diesem Sonntag waren wir in Olne in der Provinz L\u00fcttich mit Alain und Marie-Bernadette Zegels und ihrer Familie verabredet.<\/p>\n<p>Besuch der Chenas-Zucht im h\u00fcbschen Weiler Gelivaux und Mittagessen in Olne&#8230;<\/p>\n<p>Der Tag war k\u00f6stlich! Vielen Dank an Alain und Marie-Bernadette&#8220;. <\/p>\n<p>[\/et_pb_text][\/et_pb_column][\/et_pb_row][\/et_pb_section][et_pb_section fb_built=&#8220;1&#8243; disabled_on=&#8220;on|on|on&#8220; admin_label=&#8220;Promo Banner&#8220; _builder_version=&#8220;4.20.0&#8243; background_color=&#8220;#959d93&#8243; custom_padding=&#8220;0px|0px|0px|0px&#8220; disabled=&#8220;on&#8220; locked=&#8220;off&#8220; global_colors_info=&#8220;{}&#8220;][et_pb_row _builder_version=&#8220;4.16&#8243; global_colors_info=&#8220;{}&#8220;][et_pb_column type=&#8220;4_4&#8243; _builder_version=&#8220;4.16&#8243; custom_padding=&#8220;|||&#8220; global_colors_info=&#8220;{}&#8220; custom_padding__hover=&#8220;|||&#8220;][et_pb_text _builder_version=&#8220;4.19.5&#8243; text_font=&#8220;||||||||&#8220; link_font=&#8220;|600|||on||||&#8220; link_text_color=&#8220;rgba(12,12,12,0.59)&#8220; header_font=&#8220;||||||||&#8220; header_2_font=&#8220;||||||||&#8220; header_2_line_height=&#8220;1.5em&#8220; text_orientation=&#8220;center&#8220; background_layout=&#8220;dark&#8220; global_colors_info=&#8220;{}&#8220;]<\/p>\n<h2><b>Besondere Ank\u00fcndigung?<\/b><\/h2>\n<p>[\/et_pb_text][\/et_pb_column][\/et_pb_row][\/et_pb_section][et_pb_section fb_built=&#8220;1&#8243; disabled_on=&#8220;off|off|off&#8220; admin_label=&#8220;Shop Section&#8220; _builder_version=&#8220;4.27.2&#8243; custom_padding=&#8220;110px||110px|&#8220; global_colors_info=&#8220;{}&#8220;][et_pb_row _builder_version=&#8220;4.27.2&#8243; _module_preset=&#8220;default&#8220;][et_pb_column _builder_version=&#8220;4.27.2&#8243; _module_preset=&#8220;default&#8220; type=&#8220;4_4&#8243;][et_pb_text admin_label=&#8220;Title&#8220; _builder_version=&#8220;4.27.2&#8243; text_font=&#8220;||||||||&#8220; header_font=&#8220;||||||||&#8220; header_2_font=&#8220;||||||||&#8220; header_2_text_align=&#8220;center&#8220; header_2_font_size=&#8220;42px&#8220; custom_margin=&#8220;||20px|&#8220; animation_style=&#8220;slide&#8220; animation_direction=&#8220;top&#8220; animation_intensity_slide=&#8220;30%&#8220; animation_starting_opacity=&#8220;100%&#8220; global_colors_info=&#8220;{}&#8220;]<\/p>\n<h2>Tag in Olne<\/h2>\n<p>[\/et_pb_text][et_pb_divider color=&#8220;#2a2a2a&#8220; divider_weight=&#8220;3px&#8220; _builder_version=&#8220;4.16&#8243; max_width=&#8220;50px&#8220; module_alignment=&#8220;center&#8220; custom_margin=&#8220;||10px|&#8220; animation_style=&#8220;slide&#8220; animation_direction=&#8220;top&#8220; animation_intensity_slide=&#8220;30%&#8220; animation_starting_opacity=&#8220;100%&#8220; global_colors_info=&#8220;{}&#8220;][\/et_pb_divider][\/et_pb_column][\/et_pb_row][et_pb_row column_structure=&#8220;1_2,1_2&#8243; admin_label=&#8220;Titel Area&#8220; _builder_version=&#8220;4.16&#8243; locked=&#8220;off&#8220; global_colors_info=&#8220;{}&#8220;][et_pb_column type=&#8220;1_2&#8243; _builder_version=&#8220;4.16&#8243; custom_padding=&#8220;|||&#8220; global_colors_info=&#8220;{}&#8220; custom_padding__hover=&#8220;|||&#8220;][et_pb_image src=&#8220;https:\/\/limousins.be\/wp-content\/uploads\/2024\/11\/465463917_1104725794991150_4545779331955226760_n.jpg&#8220; title_text=&#8220;465463917_1104725794991150_4545779331955226760_n&#8220; _builder_version=&#8220;4.27.2&#8243; _module_preset=&#8220;default&#8220; global_colors_info=&#8220;{}&#8220;][\/et_pb_image][\/et_pb_column][et_pb_column type=&#8220;1_2&#8243; _builder_version=&#8220;4.16&#8243; custom_padding=&#8220;|||&#8220; global_colors_info=&#8220;{}&#8220; custom_padding__hover=&#8220;|||&#8220;][et_pb_text admin_label=&#8220;Contact ELEVAGE DU CHENAS, ZEGELS Alain&#8220; _builder_version=&#8220;4.27.2&#8243; _module_preset=&#8220;default&#8220; global_module=&#8220;2584&#8243; saved_tabs=&#8220;all&#8220; global_colors_info=&#8220;{}&#8220;]<\/p>\n<h3>\u00c9levage du Chenas<\/h3>\n<h4>Alain Zegels<\/h4>\n<p>Gelivaux, 22<br \/>4877 Olne<\/p>\n<p>Tel : <a href=\"tel:\/\/0032470990709\">0470 \/ 99 07 09<\/a><\/p>\n<p>Web : <a href=\"https:\/\/limousins.be\/eleveurs\/elevage-du-chenas-alain-zegels\/\">https:\/\/limousins.be\/eleveurs\/elevage-du-chenas-alain-zegels\/<\/a><\/p>\n<p>[\/et_pb_text][\/et_pb_column][\/et_pb_row][\/et_pb_section][et_pb_section fb_built=&#8220;1&#8243; _builder_version=&#8220;4.20.0&#8243; _module_preset=&#8220;default&#8220; global_colors_info=&#8220;{}&#8220;][et_pb_row _builder_version=&#8220;4.20.0&#8243; _module_preset=&#8220;default&#8220; global_colors_info=&#8220;{}&#8220;][et_pb_column type=&#8220;4_4&#8243; _builder_version=&#8220;4.20.0&#8243; _module_preset=&#8220;default&#8220; global_colors_info=&#8220;{}&#8220;][et_pb_gallery gallery_ids=&#8220;3218,3219,3220,3221,3222,3223,3224,3225,3226,3227,3228,3229,3230,3231,3232,3233,3234,3235,3236,3237,3238,3239,3240,3241,3242,3243,3244,3245,3246,3247,3248,3249,3250,3251,3252,3253,3254,3255,3256,3257,3258,3259,3260,3261,3262,3263,3264,3265,3266,3267,3268,3269,3270,3271,3272,3273,3274,3275,3276,3277,3278,3279,3280,3281,3282,3283,3284,3285&#8243; posts_number=&#8220;24&#8243; show_title_and_caption=&#8220;off&#8220; _builder_version=&#8220;4.27.2&#8243; _module_preset=&#8220;default&#8220; global_colors_info=&#8220;{}&#8220;][\/et_pb_gallery][\/et_pb_column][\/et_pb_row][\/et_pb_section][et_pb_section fb_built=&#8220;1&#8243; disabled_on=&#8220;on|on|on&#8220; admin_label=&#8220;Promo Banner&#8220; _builder_version=&#8220;4.20.0&#8243; background_color=&#8220;#a55021&#8243; custom_padding=&#8220;0px|0px|0px|0px&#8220; disabled=&#8220;on&#8220; global_colors_info=&#8220;{}&#8220;][et_pb_row admin_label=&#8220;Row&#8220; _builder_version=&#8220;4.16&#8243; global_colors_info=&#8220;{}&#8220;][et_pb_column type=&#8220;4_4&#8243; _builder_version=&#8220;4.16&#8243; custom_padding=&#8220;|||&#8220; global_colors_info=&#8220;{}&#8220; custom_padding__hover=&#8220;|||&#8220;][et_pb_text _builder_version=&#8220;4.20.0&#8243; text_font=&#8220;||||||||&#8220; link_font=&#8220;|600|||on||||&#8220; link_text_color=&#8220;rgba(12,12,12,0.59)&#8220; header_font=&#8220;||||||||&#8220; header_2_font=&#8220;||||||||&#8220; header_2_line_height=&#8220;1.5em&#8220; text_orientation=&#8220;center&#8220; background_layout=&#8220;dark&#8220; global_colors_info=&#8220;{}&#8220;]<\/p>\n<h2><strong>Eine Anzeige aufgeben?<\/strong><\/h2>\n<p><a href=\"#\">Kontaktieren Sie uns<\/a><\/p>\n<p>[\/et_pb_text][\/et_pb_column][\/et_pb_row][\/et_pb_section]<\/p>\n","protected":false},"excerpt":{"rendered":"<p>Tag in Olne.An diesem Sonntag waren wir in Olne in der Provinz L\u00fcttich mit Alain und Marie-Bernadette Zegels und ihrer Familie verabredet. Besuch der Chenas-Zucht im h\u00fcbschen Weiler Gelivaux und Mittagessen in Olne&#8230; Der Tag war k\u00f6stlich! Vielen Dank an Alain und Marie-Bernadette&#8220;. Besondere Ank\u00fcndigung?Tag in Olne\u00c9levage du Chenas Alain Zegels Gelivaux, 224877 Olne Tel [&hellip;]<\/p>\n","protected":false},"author":1,"featured_media":4848,"parent":5415,"menu_order":0,"comment_status":"closed","ping_status":"closed","template":"","meta":{"_et_pb_use_builder":"on","_et_pb_old_content":"","_et_gb_content_width":"","footnotes":""},"class_list":["post-4771","page","type-page","status-publish","has-post-thumbnail","hentry"],"_links":{"self":[{"href":"https:\/\/limousins.be\/de\/wp-json\/wp\/v2\/pages\/4771","targetHints":{"allow":["GET"]}}],"collection":[{"href":"https:\/\/limousins.be\/de\/wp-json\/wp\/v2\/pages"}],"about":[{"href":"https:\/\/limousins.be\/de\/wp-json\/wp\/v2\/types\/page"}],"author":[{"embeddable":true,"href":"https:\/\/limousins.be\/de\/wp-json\/wp\/v2\/users\/1"}],"replies":[{"embeddable":true,"href":"https:\/\/limousins.be\/de\/wp-json\/wp\/v2\/comments?post=4771"}],"version-history":[{"count":1,"href":"https:\/\/limousins.be\/de\/wp-json\/wp\/v2\/pages\/4771\/revisions"}],"predecessor-version":[{"id":4857,"href":"https:\/\/limousins.be\/de\/wp-json\/wp\/v2\/pages\/4771\/revisions\/4857"}],"up":[{"embeddable":true,"href":"https:\/\/limousins.be\/de\/wp-json\/wp\/v2\/pages\/5415"}],"wp:featuredmedia":[{"embeddable":true,"href":"https:\/\/limousins.be\/de\/wp-json\/wp\/v2\/media\/4848"}],"wp:attachment":[{"href":"https:\/\/limousins.be\/de\/wp-json\/wp\/v2\/media?parent=4771"}],"curies":[{"name":"wp","href":"https:\/\/api.w.org\/{rel}","templated":true}]}}