{"id":5271,"date":"2023-02-05T18:53:33","date_gmt":"2023-02-05T17:53:33","guid":{"rendered":"https:\/\/limousins.be\/belgisches-herdbuch-limousin\/"},"modified":"2025-03-19T09:34:28","modified_gmt":"2025-03-19T08:34:28","slug":"belgisches-herdbuch-limousin","status":"publish","type":"page","link":"https:\/\/limousins.be\/de\/belgisches-herdbuch-limousin\/","title":{"rendered":"Belgisches Herdbuch Limousin"},"content":{"rendered":"<p>[et_pb_section fb_built=&#8220;1&#8243; admin_label=&#8220;herdbook title et bg&#8220; _builder_version=&#8220;4.19.5&#8243; use_background_color_gradient=&#8220;on&#8220; background_color_gradient_direction=&#8220;90deg&#8220; background_color_gradient_stops=&#8220;rgba(244,240,233,0.9) 30%|rgba(244,240,233,0) 100%&#8220; background_color_gradient_overlays_image=&#8220;on&#8220; background_color_gradient_start=&#8220;rgba(244,240,233,0.9)&#8220; background_color_gradient_start_position=&#8220;30%&#8220; background_color_gradient_end=&#8220;rgba(244,240,233,0)&#8220; background_image=&#8220;https:\/\/limousins.sabeo.be\/wp-content\/uploads\/2023\/02\/herd_book_photo_groupe_libramont.jpg&#8220; custom_margin=&#8220;|||&#8220; custom_padding=&#8220;119px|0px|119px|0px&#8220; global_colors_info=&#8220;{}&#8220;][et_pb_row custom_padding_last_edited=&#8220;off|desktop&#8220; admin_label=&#8220;Hero Area&#8220; _builder_version=&#8220;4.16&#8243; custom_padding=&#8220;27px|0px|0px|0px&#8220; global_colors_info=&#8220;{}&#8220;][et_pb_column type=&#8220;4_4&#8243; _builder_version=&#8220;4.16&#8243; custom_padding=&#8220;|||&#8220; global_colors_info=&#8220;{}&#8220; custom_padding__hover=&#8220;|||&#8220;][et_pb_text admin_label=&#8220;Hero Title&#8220; _builder_version=&#8220;4.19.5&#8243; text_font=&#8220;Playfair Display||||||||&#8220; header_font=&#8220;||||||||&#8220; header_font_size=&#8220;80px&#8220; header_letter_spacing=&#8220;-3px&#8220; header_line_height=&#8220;1.1em&#8220; custom_margin=&#8220;||0px|&#8220; custom_padding=&#8220;|||&#8220; animation_style=&#8220;slide&#8220; animation_direction=&#8220;left&#8220; animation_intensity_slide=&#8220;5%&#8220; animation_starting_opacity=&#8220;100%&#8220; text_font_size_last_edited=&#8220;off|desktop&#8220; header_font_size_tablet=&#8220;&#8220; header_font_size_phone=&#8220;60px&#8220; header_font_size_last_edited=&#8220;on|phone&#8220; global_colors_info=&#8220;{}&#8220;]<\/p>\n<h1>Das belgische Herdbuch Limousin<\/h1>\n<p>[\/et_pb_text][et_pb_text _builder_version=&#8220;4.19.5&#8243; text_font=&#8220;||||||||&#8220; text_font_size=&#8220;18px&#8220; text_line_height=&#8220;1.8em&#8220; header_font=&#8220;||||||||&#8220; max_width=&#8220;500px&#8220; custom_margin=&#8220;|||&#8220; custom_padding=&#8220;||10px|&#8220; animation_style=&#8220;slide&#8220; animation_direction=&#8220;left&#8220; animation_intensity_slide=&#8220;5%&#8220; animation_starting_opacity=&#8220;100%&#8220; global_colors_info=&#8220;{}&#8220;]<\/p>\n<p>Das Belgische Limousin Herdbuch kann Ihnen helfen, das genetische Niveau Ihrer Herde zu verbessern und die Leistung (Zucht- und Fleischeigenschaften) Ihrer Tiere zu steigern.<\/p>\n<p>[\/et_pb_text][\/et_pb_column][\/et_pb_row][\/et_pb_section][et_pb_section fb_built=&#8220;1&#8243; admin_label=&#8220;herdbook Section&#8220; _builder_version=&#8220;4.19.5&#8243; custom_padding=&#8220;110px||0px|&#8220; global_colors_info=&#8220;{}&#8220;][et_pb_row column_structure=&#8220;1_2,1_2&#8243; admin_label=&#8220;herdbook Area&#8220; _builder_version=&#8220;4.19.5&#8243; custom_margin=&#8220;|||&#8220; custom_padding=&#8220;27px|0px|0px|0px&#8220; global_colors_info=&#8220;{}&#8220;][et_pb_column type=&#8220;1_2&#8243; _builder_version=&#8220;4.16&#8243; custom_padding=&#8220;|||&#8220; global_colors_info=&#8220;{}&#8220; custom_padding__hover=&#8220;|||&#8220;][et_pb_image src=&#8220;https:\/\/limousins.sabeo.be\/wp-content\/uploads\/2023\/02\/Herd_book_Limousine_veau_verticale_b.jpg&#8220; title_text=&#8220;Herd_book_Limousine_Verticale_Kalb_b&#8220; force_fullwidth=&#8220;on&#8220; align_tablet=&#8220;center&#8220; align_phone=&#8220;center&#8220; align_last_edited=&#8220;on|desktop&#8220; _builder_version=&#8220;4.19.5&#8243; animation_style=&#8220;slide&#8220; animation_direction=&#8220;left&#8220; animation_intensity_slide=&#8220;10%&#8220; animation_starting_opacity=&#8220;100%&#8220; global_colors_info=&#8220;{}&#8220;][\/et_pb_image][\/et_pb_column][et_pb_column type=&#8220;1_2&#8243; _builder_version=&#8220;4.16&#8243; custom_padding=&#8220;80px||80px|&#8220; global_colors_info=&#8220;{}&#8220; custom_padding__hover=&#8220;|||&#8220;][et_pb_text admin_label=&#8220;Title&#8220; _builder_version=&#8220;4.19.5&#8243; text_font=&#8220;||||||||&#8220; header_font=&#8220;||||||||&#8220; header_2_font=&#8220;||||||||&#8220; header_2_font_size=&#8220;42px&#8220; header_2_line_height=&#8220;1.3em&#8220; custom_margin=&#8220;||20px|&#8220; animation_style=&#8220;slide&#8220; animation_direction=&#8220;top&#8220; animation_intensity_slide=&#8220;30%&#8220; animation_starting_opacity=&#8220;100%&#8220; hover_enabled=&#8220;0&#8243; global_colors_info=&#8220;{}&#8220; sticky_enabled=&#8220;0&#8243;]<\/p>\n<h2>Herdbuch<\/h2>\n<p>[\/et_pb_text][et_pb_divider color=&#8220;#000000&#8243; divider_weight=&#8220;3px&#8220; _builder_version=&#8220;4.16&#8243; max_width=&#8220;50px&#8220; custom_margin=&#8220;||10px|&#8220; animation_style=&#8220;fold&#8220; animation_direction=&#8220;left&#8220; animation_starting_opacity=&#8220;100%&#8220; global_colors_info=&#8220;{}&#8220;][\/et_pb_divider][et_pb_text _builder_version=&#8220;4.19.5&#8243; text_font=&#8220;||||||||&#8220; text_line_height=&#8220;1.8em&#8220; animation_style=&#8220;slide&#8220; animation_direction=&#8220;top&#8220; animation_intensity_slide=&#8220;10%&#8220; animation_starting_opacity=&#8220;100%&#8220; global_colors_info=&#8220;{}&#8220;]<\/p>\n<p>Das Belgische Limousin Herdbuch kann Ihnen helfen, das genetische Niveau Ihrer Herde zu verbessern und die Leistung (Zucht- und Fleischeigenschaften) Ihrer Tiere zu steigern.<\/p>\n<p>Die Auswahl und Entwicklung der Limousin-Rasse in Belgien ist ohne die Koordination der Bem\u00fchungen aller belgischen Z\u00fcchter nicht denkbar. Aus diesem Grund wurde am 24. Februar 1973 das belgische Herdbuch Limousin gegr\u00fcndet. <\/p>\n<p>[\/et_pb_text][et_pb_divider color=&#8220;#000000&#8243; divider_weight=&#8220;3px&#8220; _builder_version=&#8220;4.16&#8243; max_width=&#8220;50px&#8220; custom_margin=&#8220;||10px|&#8220; animation_style=&#8220;fold&#8220; animation_direction=&#8220;left&#8220; animation_starting_opacity=&#8220;100%&#8220; global_colors_info=&#8220;{}&#8220;][\/et_pb_divider][et_pb_text _builder_version=&#8220;4.19.5&#8243; text_font=&#8220;||||||||&#8220; text_line_height=&#8220;1.8em&#8220; animation_style=&#8220;slide&#8220; animation_direction=&#8220;top&#8220; animation_intensity_slide=&#8220;10%&#8220; animation_starting_opacity=&#8220;100%&#8220; global_colors_info=&#8220;{}&#8220;]<\/p>\n<p><a href=\"https:\/\/limousins.sabeo.be\/herd-book-limousin-belge\/reglement-dordre-interieur\/\">Interne Gesch\u00e4ftsordnung<\/a><\/p>\n<p>[\/et_pb_text][\/et_pb_column][\/et_pb_row][\/et_pb_section][et_pb_section fb_built=&#8220;1&#8243; admin_label=&#8220;Links&#8220; _builder_version=&#8220;4.19.5&#8243; background_color=&#8220;#f7f7f7&#8243; custom_padding=&#8220;110px||110px|&#8220; global_colors_info=&#8220;{}&#8220;][et_pb_row disabled_on=&#8220;on|on|on&#8220; admin_label=&#8220;Links&#8220; _builder_version=&#8220;4.19.5&#8243; disabled=&#8220;on&#8220; global_colors_info=&#8220;{}&#8220;][et_pb_column type=&#8220;4_4&#8243; _builder_version=&#8220;4.16&#8243; custom_padding=&#8220;|||&#8220; global_colors_info=&#8220;{}&#8220; custom_padding__hover=&#8220;|||&#8220;][et_pb_text admin_label=&#8220;Title&#8220; _builder_version=&#8220;4.19.5&#8243; text_font=&#8220;||||||||&#8220; header_font=&#8220;||||||||&#8220; header_2_font=&#8220;||||||||&#8220; header_2_text_align=&#8220;center&#8220; header_2_font_size=&#8220;42px&#8220; header_2_line_height=&#8220;1.3em&#8220; custom_margin=&#8220;||20px|&#8220; animation_style=&#8220;slide&#8220; animation_direction=&#8220;top&#8220; animation_intensity_slide=&#8220;30%&#8220; animation_starting_opacity=&#8220;100%&#8220; global_colors_info=&#8220;{}&#8220;]<\/p>\n<h2>Why Choose Us<\/h2>\n<p>[\/et_pb_text][et_pb_divider color=&#8220;#2a2a2a&#8220; divider_weight=&#8220;3px&#8220; _builder_version=&#8220;4.16&#8243; max_width=&#8220;50px&#8220; module_alignment=&#8220;center&#8220; custom_margin=&#8220;||10px|&#8220; animation_style=&#8220;slide&#8220; animation_direction=&#8220;top&#8220; animation_intensity_slide=&#8220;30%&#8220; animation_starting_opacity=&#8220;100%&#8220; global_colors_info=&#8220;{}&#8220;][\/et_pb_divider][\/et_pb_column][\/et_pb_row][et_pb_row column_structure=&#8220;1_3,1_3,1_3&#8243; admin_label=&#8220;Funktionen&#8220; _builder_version=&#8220;4.16&#8243; custom_margin=&#8220;|||&#8220; custom_padding=&#8220;|||&#8220; global_colors_info=&#8220;{}&#8220;][et_pb_column type=&#8220;1_3&#8243; _builder_version=&#8220;4.16&#8243; custom_padding=&#8220;|||&#8220; global_colors_info=&#8220;{}&#8220; custom_padding__hover=&#8220;|||&#8220;][et_pb_blurb title=&#8220;Das Team&#8220; url=&#8220;@ET-DC@eyJkeW5hbWljIjp0cnVlLCJjb250ZW50IjoicG9zdF9saW5rX3VybF9wYWdlIiwic2V0dGluZ3MiOnsicG9zdF9pZCI6IjQ1MyJ9fQ==@&#8220; image=&#8220;https:\/\/limousins.sabeo.be\/wp-content\/uploads\/2022\/10\/558578_268225176621866_702894630_n.jpg&#8220; image_icon_width=&#8220;110px&#8220; admin_label=&#8220;equipe&#8220; _builder_version=&#8220;4.19.5&#8243; _dynamic_attributes=&#8220;url&#8220; header_font=&#8220;|600|||||||&#8220; header_text_align=&#8220;center&#8220; header_font_size=&#8220;16px&#8220; header_line_height=&#8220;1.8em&#8220; body_font=&#8220;||||||||&#8220; body_text_align=&#8220;center&#8220; body_line_height=&#8220;1.8em&#8220; module_alignment=&#8220;center&#8220; animation_style=&#8220;zoom&#8220; animation_intensity_zoom=&#8220;10%&#8220; animation_starting_opacity=&#8220;100%&#8220; image_max_width=&#8220;110px&#8220; global_colors_info=&#8220;{}&#8220;]<\/p>\n<p>Das Belgische Limousin-Herdbuch besteht aus einem Vorstand, einem Sekretariat und einem technischen Team.<\/p>\n<p>[\/et_pb_blurb][\/et_pb_column][et_pb_column type=&#8220;1_3&#8243; _builder_version=&#8220;4.16&#8243; custom_padding=&#8220;|||&#8220; global_colors_info=&#8220;{}&#8220; custom_padding__hover=&#8220;|||&#8220;][et_pb_blurb title=&#8220;Zuchtbetriebe&#8220; url=&#8220;#&#8220; image=&#8220;https:\/\/limousins.sabeo.be\/wp-content\/uploads\/2022\/10\/558578_268225176621866_702894630_n.jpg&#8220; image_icon_width=&#8220;110px&#8220; admin_label=&#8220;elevages&#8220; _builder_version=&#8220;4.19.5&#8243; header_font=&#8220;|600|||||||&#8220; header_text_align=&#8220;center&#8220; header_font_size=&#8220;16px&#8220; header_line_height=&#8220;1.8em&#8220; body_font=&#8220;||||||||&#8220; body_text_align=&#8220;center&#8220; body_line_height=&#8220;1.8em&#8220; module_alignment=&#8220;center&#8220; animation_style=&#8220;zoom&#8220; animation_intensity_zoom=&#8220;10%&#8220; animation_starting_opacity=&#8220;100%&#8220; image_max_width=&#8220;110px&#8220; global_colors_info=&#8220;{}&#8220;]<\/p>\n<p>Cras id velit metus. Pellentesque malesuada maximus ligula.  Aenean quis ipsum sed neque dapibus posuere.<\/p>\n<p>[\/et_pb_blurb][\/et_pb_column][et_pb_column type=&#8220;1_3&#8243; _builder_version=&#8220;4.16&#8243; custom_padding=&#8220;|||&#8220; global_colors_info=&#8220;{}&#8220; custom_padding__hover=&#8220;|||&#8220;][et_pb_blurb title=&#8220;Dienste&#8220; url=&#8220;#&#8220; image=&#8220;https:\/\/limousins.sabeo.be\/wp-content\/uploads\/2022\/10\/558578_268225176621866_702894630_n.jpg&#8220; image_icon_width=&#8220;110px&#8220; admin_label=&#8220;Services&#8220; _builder_version=&#8220;4.19.5&#8243; header_font=&#8220;|600|||||||&#8220; header_text_align=&#8220;center&#8220; header_font_size=&#8220;16px&#8220; header_line_height=&#8220;1.8em&#8220; body_font=&#8220;||||||||&#8220; body_text_align=&#8220;center&#8220; body_line_height=&#8220;1.8em&#8220; module_alignment=&#8220;center&#8220; animation_style=&#8220;zoom&#8220; animation_intensity_zoom=&#8220;10%&#8220; animation_starting_opacity=&#8220;100%&#8220; image_max_width=&#8220;110px&#8220; global_colors_info=&#8220;{}&#8220;]<\/p>\n<p>Cras id velit metus. Pellentesque malesuada maximus ligula.  Aenean quis ipsum sed neque dapibus posuere.<\/p>\n<p>[\/et_pb_blurb][\/et_pb_column][\/et_pb_row][\/et_pb_section]<\/p>\n","protected":false},"excerpt":{"rendered":"<p>Das belgische Herdbuch LimousinDas Belgische Limousin Herdbuch kann Ihnen helfen, das genetische Niveau Ihrer Herde zu verbessern und die Leistung (Zucht- und Fleischeigenschaften) Ihrer Tiere zu steigern.HerdbuchDas Belgische Limousin Herdbuch kann Ihnen helfen, das genetische Niveau Ihrer Herde zu verbessern und die Leistung (Zucht- und Fleischeigenschaften) Ihrer Tiere zu steigern. Die Auswahl und Entwicklung der [&hellip;]<\/p>\n","protected":false},"author":1,"featured_media":0,"parent":0,"menu_order":0,"comment_status":"closed","ping_status":"closed","template":"","meta":{"_et_pb_use_builder":"on","_et_pb_old_content":"","_et_gb_content_width":"","footnotes":""},"class_list":["post-5271","page","type-page","status-publish","hentry"],"_links":{"self":[{"href":"https:\/\/limousins.be\/de\/wp-json\/wp\/v2\/pages\/5271","targetHints":{"allow":["GET"]}}],"collection":[{"href":"https:\/\/limousins.be\/de\/wp-json\/wp\/v2\/pages"}],"about":[{"href":"https:\/\/limousins.be\/de\/wp-json\/wp\/v2\/types\/page"}],"author":[{"embeddable":true,"href":"https:\/\/limousins.be\/de\/wp-json\/wp\/v2\/users\/1"}],"replies":[{"embeddable":true,"href":"https:\/\/limousins.be\/de\/wp-json\/wp\/v2\/comments?post=5271"}],"version-history":[{"count":4,"href":"https:\/\/limousins.be\/de\/wp-json\/wp\/v2\/pages\/5271\/revisions"}],"predecessor-version":[{"id":5290,"href":"https:\/\/limousins.be\/de\/wp-json\/wp\/v2\/pages\/5271\/revisions\/5290"}],"wp:attachment":[{"href":"https:\/\/limousins.be\/de\/wp-json\/wp\/v2\/media?parent=5271"}],"curies":[{"name":"wp","href":"https:\/\/api.w.org\/{rel}","templated":true}]}}