{"id":5293,"date":"2023-02-12T11:20:51","date_gmt":"2023-02-12T10:20:51","guid":{"rendered":"https:\/\/limousins.be\/divi-login-designer\/"},"modified":"2023-02-12T11:20:51","modified_gmt":"2023-02-12T10:20:51","slug":"divi-login-designer","status":"publish","type":"page","link":"https:\/\/limousins.be\/de\/divi-login-designer\/","title":{"rendered":"Divi Login Designer"},"content":{"rendered":"<p>Diese Seite wird f\u00fcr die Erweiterung von Divi Login Designer verwendet. Sie wird f\u00fcr Ihre Leser nicht sichtbar sein. L\u00f6schen Sie sie nicht.  <\/p>\n","protected":false},"excerpt":{"rendered":"<p>Diese Seite wird f\u00fcr die Erweiterung von Divi Login Designer verwendet. Sie wird f\u00fcr Ihre Leser nicht sichtbar sein. L\u00f6schen Sie sie nicht.<\/p>\n","protected":false},"author":1,"featured_media":0,"parent":0,"menu_order":0,"comment_status":"closed","ping_status":"closed","template":"ext-template-login-designer.php","meta":{"_et_pb_use_builder":"","_et_pb_old_content":"","_et_gb_content_width":"","footnotes":""},"class_list":["post-5293","page","type-page","status-publish","hentry"],"_links":{"self":[{"href":"https:\/\/limousins.be\/de\/wp-json\/wp\/v2\/pages\/5293","targetHints":{"allow":["GET"]}}],"collection":[{"href":"https:\/\/limousins.be\/de\/wp-json\/wp\/v2\/pages"}],"about":[{"href":"https:\/\/limousins.be\/de\/wp-json\/wp\/v2\/types\/page"}],"author":[{"embeddable":true,"href":"https:\/\/limousins.be\/de\/wp-json\/wp\/v2\/users\/1"}],"replies":[{"embeddable":true,"href":"https:\/\/limousins.be\/de\/wp-json\/wp\/v2\/comments?post=5293"}],"version-history":[{"count":0,"href":"https:\/\/limousins.be\/de\/wp-json\/wp\/v2\/pages\/5293\/revisions"}],"wp:attachment":[{"href":"https:\/\/limousins.be\/de\/wp-json\/wp\/v2\/media?parent=5293"}],"curies":[{"name":"wp","href":"https:\/\/api.w.org\/{rel}","templated":true}]}}