{"id":5375,"date":"2023-02-12T10:55:15","date_gmt":"2023-02-12T09:55:15","guid":{"rendered":"https:\/\/limousins.be\/belgisches-herdbuch-limousin\/interne-geschaeftsordnung\/"},"modified":"2025-03-19T09:35:22","modified_gmt":"2025-03-19T08:35:22","slug":"interne-geschaeftsordnung","status":"publish","type":"page","link":"https:\/\/limousins.be\/de\/belgisches-herdbuch-limousin\/interne-geschaeftsordnung\/","title":{"rendered":"Interne Gesch\u00e4ftsordnung"},"content":{"rendered":"<p>[et_pb_section fb_built=&#8220;1&#8243; disabled_on=&#8220;on|on|on&#8220; admin_label=&#8220;herdbook title et bg&#8220; _builder_version=&#8220;4.19.5&#8243; use_background_color_gradient=&#8220;on&#8220; background_color_gradient_direction=&#8220;90deg&#8220; background_color_gradient_stops=&#8220;rgba(244,240,233,0.9) 30%|rgba(244,240,233,0) 100%&#8220; background_color_gradient_overlays_image=&#8220;on&#8220; background_color_gradient_start=&#8220;rgba(244,240,233,0.9)&#8220; background_color_gradient_start_position=&#8220;30%&#8220; background_color_gradient_end=&#8220;rgba(244,240,233,0)&#8220; background_image=&#8220;https:\/\/limousins.sabeo.be\/wp-content\/uploads\/2023\/02\/herd_book_photo_groupe_libramont.jpg&#8220; custom_margin=&#8220;|||&#8220; custom_padding=&#8220;119px|0px|119px|0px&#8220; disabled=&#8220;on&#8220; global_colors_info=&#8220;{}&#8220;][et_pb_row custom_padding_last_edited=&#8220;off|desktop&#8220; admin_label=&#8220;Hero Area&#8220; _builder_version=&#8220;4.16&#8243; custom_padding=&#8220;27px|0px|0px|0px&#8220; global_colors_info=&#8220;{}&#8220;][et_pb_column type=&#8220;4_4&#8243; _builder_version=&#8220;4.16&#8243; custom_padding=&#8220;|||&#8220; global_colors_info=&#8220;{}&#8220; custom_padding__hover=&#8220;|||&#8220;][et_pb_text admin_label=&#8220;Hero Title&#8220; _builder_version=&#8220;4.19.5&#8243; text_font=&#8220;Playfair Display||||||||&#8220; header_font=&#8220;Alice||||||||&#8220; header_font_size=&#8220;80px&#8220; header_letter_spacing=&#8220;-3px&#8220; header_line_height=&#8220;1.1em&#8220; custom_margin=&#8220;||0px|&#8220; custom_padding=&#8220;|||&#8220; animation_style=&#8220;slide&#8220; animation_direction=&#8220;left&#8220; animation_intensity_slide=&#8220;5%&#8220; animation_starting_opacity=&#8220;100%&#8220; text_font_size_last_edited=&#8220;off|desktop&#8220; header_font_size_tablet=&#8220;&#8220; header_font_size_phone=&#8220;60px&#8220; header_font_size_last_edited=&#8220;on|phone&#8220; global_colors_info=&#8220;{}&#8220;]<\/p>\n<h1>Das belgische Herdbuch Limousin<\/h1>\n<p>[\/et_pb_text][et_pb_text _builder_version=&#8220;4.19.5&#8243; text_font=&#8220;||||||||&#8220; text_font_size=&#8220;18px&#8220; text_line_height=&#8220;1.8em&#8220; header_font=&#8220;||||||||&#8220; max_width=&#8220;500px&#8220; custom_margin=&#8220;|||&#8220; custom_padding=&#8220;||10px|&#8220; animation_style=&#8220;slide&#8220; animation_direction=&#8220;left&#8220; animation_intensity_slide=&#8220;5%&#8220; animation_starting_opacity=&#8220;100%&#8220; global_colors_info=&#8220;{}&#8220;]<\/p>\n<p>Das Belgische Limousin Herdbuch kann Ihnen helfen, das genetische Niveau Ihrer Herde zu verbessern und die Leistung (Zucht- und Fleischeigenschaften) Ihrer Tiere zu steigern.<\/p>\n<p>[\/et_pb_text][\/et_pb_column][\/et_pb_row][\/et_pb_section][et_pb_section fb_built=&#8220;1&#8243; admin_label=&#8220;reglement ordre int\u00e9rieur&#8220; _builder_version=&#8220;4.19.5&#8243; background_color=&#8220;#FFFFFF&#8220; custom_padding=&#8220;110px||110px|&#8220; global_colors_info=&#8220;{}&#8220;][et_pb_row admin_label=&#8220;K\u00f6nig&#8220; _builder_version=&#8220;4.19.5&#8243; global_colors_info=&#8220;{}&#8220;][et_pb_column type=&#8220;4_4&#8243; _builder_version=&#8220;4.16&#8243; custom_padding=&#8220;|||&#8220; global_colors_info=&#8220;{}&#8220; custom_padding__hover=&#8220;|||&#8220;][et_pb_text admin_label=&#8220;Title&#8220; _builder_version=&#8220;4.20.0&#8243; text_font=&#8220;||||||||&#8220; header_font=&#8220;||||||||&#8220; header_2_font=&#8220;||||||||&#8220; header_2_text_align=&#8220;center&#8220; header_2_font_size=&#8220;42px&#8220; header_2_line_height=&#8220;1.3em&#8220; custom_margin=&#8220;||20px|&#8220; animation_style=&#8220;slide&#8220; animation_direction=&#8220;top&#8220; animation_intensity_slide=&#8220;30%&#8220; animation_starting_opacity=&#8220;100%&#8220; hover_enabled=&#8220;0&#8243; global_colors_info=&#8220;{}&#8220; sticky_enabled=&#8220;0&#8243;]<\/p>\n<h2><strong>Herdbuchkommission Limousin<br \/>d&#8217;Elev\u00e9o asbl<\/strong><\/h2>\n<p>[\/et_pb_text][et_pb_divider color=&#8220;#2a2a2a&#8220; divider_weight=&#8220;3px&#8220; _builder_version=&#8220;4.16&#8243; max_width=&#8220;50px&#8220; module_alignment=&#8220;center&#8220; custom_margin=&#8220;||10px|&#8220; animation_style=&#8220;slide&#8220; animation_direction=&#8220;top&#8220; animation_intensity_slide=&#8220;30%&#8220; animation_starting_opacity=&#8220;100%&#8220; global_colors_info=&#8220;{}&#8220;][\/et_pb_divider][\/et_pb_column][\/et_pb_row][et_pb_row column_structure=&#8220;1_3,1_3,1_3&#8243; admin_label=&#8220;Logos und Titel&#8220; _builder_version=&#8220;4.19.5&#8243; custom_margin=&#8220;|||&#8220; custom_padding=&#8220;|||&#8220; global_colors_info=&#8220;{}&#8220;][et_pb_column type=&#8220;1_3&#8243; _builder_version=&#8220;4.16&#8243; custom_padding=&#8220;|||&#8220; global_colors_info=&#8220;{}&#8220; custom_padding__hover=&#8220;|||&#8220;][et_pb_image src=&#8220;https:\/\/limousins.sabeo.be\/wp-content\/uploads\/2022\/10\/558578_268225176621866_702894630_n.jpg&#8220; title_text=&#8220;Herdbuchlogo&#8220; _builder_version=&#8220;4.19.5&#8243; _module_preset=&#8220;default&#8220; global_colors_info=&#8220;{}&#8220;][\/et_pb_image][\/et_pb_column][et_pb_column type=&#8220;1_3&#8243; _builder_version=&#8220;4.16&#8243; custom_padding=&#8220;|||&#8220; global_colors_info=&#8220;{}&#8220; custom_padding__hover=&#8220;|||&#8220;][et_pb_text _builder_version=&#8220;4.19.5&#8243; _module_preset=&#8220;default&#8220; text_orientation=&#8220;center&#8220; global_colors_info=&#8220;{}&#8220;]<\/p>\n<h3>Interne Gesch\u00e4ftsordnung<\/h3>\n<p>[\/et_pb_text][\/et_pb_column][et_pb_column type=&#8220;1_3&#8243; _builder_version=&#8220;4.16&#8243; custom_padding=&#8220;|||&#8220; global_colors_info=&#8220;{}&#8220; custom_padding__hover=&#8220;|||&#8220;][et_pb_image src=&#8220;https:\/\/limousins.sabeo.be\/wp-content\/uploads\/2023\/02\/eleveo-by-awe-750&#215;422-1.jpg&#8220; title_text=&#8220;eleveo&#8220; _builder_version=&#8220;4.19.5&#8243; _module_preset=&#8220;default&#8220; global_colors_info=&#8220;{}&#8220;][\/et_pb_image][\/et_pb_column][\/et_pb_row][et_pb_row _builder_version=&#8220;4.19.5&#8243; _module_preset=&#8220;default&#8220; global_colors_info=&#8220;{}&#8220;][et_pb_column type=&#8220;4_4&#8243; _builder_version=&#8220;4.19.5&#8243; _module_preset=&#8220;default&#8220; global_colors_info=&#8220;{}&#8220;][et_pb_text admin_label=&#8220;contenu roi&#8220; _builder_version=&#8220;4.19.5&#8243; _module_preset=&#8220;default&#8220; global_colors_info=&#8220;{}&#8220;]<\/p>\n<p>Die vorliegende Gesch\u00e4ftsordnung (GO) wird gem\u00e4\u00df Artikel IX 1\u00b0) der GO von Elev\u00e9o VoG, nachstehend <strong>Elev\u00e9o<\/strong> genannt, erstellt.<\/p>\n<p>Die Bestimmungen von Artikel IX der I.O.R. von Elev\u00e9o gelten von Rechts wegen als Erg\u00e4nzung zu den in dieser Verordnung vorgesehenen Bestimmungen.<\/p>\n<p>Am 20.12.2018 definierte der Verwaltungsrat von Elev\u00e9o durch die vorliegenden R.O.I. die Arbeitsweise der von ihr gegr\u00fcndeten Kommission Herd-Book Limousin (interne Kommission von Elev\u00e9o), im Folgenden <strong>Herd-Book Limousin<\/strong> genannt.<\/p>\n<p><strong>Artikel I: Aufgaben des Herdbuchs Limousin<\/strong><\/p>\n<p>Die Rolle des Herd-Book Limousin ist in Artikel IX 1\u00b0) a) des ROI von Elev\u00e9o definiert. Gem\u00e4\u00df diesem Artikel wird es in seine Zust\u00e4ndigkeit fallen, die folgenden Themen zu behandeln: <\/p>\n<ul>\n<li>Entwicklung von Kriterien und Standards f\u00fcr die Limousin-Rasse ;<\/li>\n<li>F\u00f6rderung der Rasse in Belgien und im Ausland oder \u00dcbertragung dieser Aufgabe, ganz oder teilweise, an eine andere Struktur;<\/li>\n<li>Definition der Teilnahmebedingungen und rassespezifischen ethischen Regeln f\u00fcr Wettbewerbe, die von Elev\u00e9o organisiert werden oder f\u00fcr die Elev\u00e9o eine Garantie \u00fcbernimmt;<\/li>\n<li>Festlegung der Regeln f\u00fcr Eintragungen in das Herdbuch Limousin ;<\/li>\n<li>Zulassung und Ausbildung von Jurys ;<\/li>\n<li>Empfehlung der Kriterien, die aus genetischer Sicht vorrangig zu bewerten sind, und Festlegung der Gewichtung dieser Kriterien in einem m\u00f6glichen zusammenfassenden Index;<\/li>\n<li>Vertretung von Elev\u00e9o bei der Organisation von nationalen Wettbewerben.<\/li>\n<\/ul>\n<p>Die Stellungnahmen und Entscheidungen des Herd-Book Limousin in den unter a. bis g. beschriebenen Angelegenheiten sind f\u00fcr den Verwaltungsrat von Elev\u00e9o bindend, vorausgesetzt, dass sie das Gleichgewicht der eigenen Einnahmen und Ausgaben des Herd-Book Limousin, alle gesetzlichen oder reglementarischen Vorschriften respektieren und dass sie den anderen Aktivit\u00e4ten von Elev\u00e9o oder ihrem Image nicht schaden; dazu m\u00fcssen die folgenden Regeln eingehalten werden:  <\/p>\n<p>&#8211; Der Verwaltungsrat von Elev\u00e9o muss zwingend eine Stellungnahme oder Entscheidung einholen.<\/p>\n<p>Herd-Book Limousin, wenn die betreffenden Materialien betroffen sind.<\/p>\n<p>  &#8211; Nach Erhalt der Stellungnahme oder des Beschlusses muss der Rat innerhalb von zwei Monaten :<\/p>\n<ol>\n<li>auf der Tagesordnung einer seiner Sitzungen zu erw\u00e4hnen, dass eine Diskussion zur Umsetzung der Stellungnahme oder des Beschlusses des Herd-Book Limousin stattfinden wird;<\/li>\n<li>Im Protokoll seiner Sitzung zu vermerken, dass er die Stellungnahme oder Entscheidung des Herd-Book Limousin zur Kenntnis genommen hat;<\/li>\n<\/ol>\n<ul>\n<li>Lassen Sie die von ihm getroffenen Umsetzungsma\u00dfnahmen im Protokoll vermerken.<\/li>\n<\/ul>\n<p>In allen anderen Angelegenheiten kann der Verwaltungsrat eine unverbindliche Stellungnahme des Herd-Book Limousin anfordern, wobei eine Frist f\u00fcr die Beantwortung gesetzt wird.<\/p>\n<p>In allen Angelegenheiten kann das Herd-Book Limousin auch aus eigener Initiative Vorschl\u00e4ge oder Antr\u00e4ge an den Verwaltungsrat von Elev\u00e9o stellen. Die Herdbuchstelle Limousin kann, wenn sie es w\u00fcnscht, diesen Vorschlag oder Antrag auf der Sitzung des Verwaltungsrates von Elev\u00e9o vorstellen, auf der er auf die Tagesordnung gesetzt wird. <\/p>\n<p><strong>Artikel II: Beitr\u00e4ge f\u00fcr die Teilnahme an den Aktivit\u00e4ten des Herdbuches<\/strong><\/p>\n<p>Um \u00fcber zus\u00e4tzliche Mittel zu den \u00f6ffentlichen oder anderen eventuellen Zuwendungen verf\u00fcgen zu k\u00f6nnen, die ihm zur Erf\u00fcllung seiner Aufgaben zugewiesen werden, kann das Herd-Book Limousin j\u00e4hrliche Beitr\u00e4ge f\u00fcr die Herde und f\u00fcr jedes Tier, das am Selektionsprogramm teilnimmt oder in dieses eintritt, festlegen. Z\u00fcchter, die an den Aktivit\u00e4ten der Kommission teilnehmen m\u00f6chten, m\u00fcssen diese Beitr\u00e4ge bezahlen, indem sie ihre Beitr\u00e4ge bei Le Limousin Belge asbl einzahlen, zus\u00e4tzlich zu den Kosten und Beitr\u00e4gen, die mit den Aktivit\u00e4ten der Elev\u00e9o selbst verbunden sind. Der Vorstand des Herdbuches Limousin legt die H\u00f6he dieser Beitr\u00e4ge fest.  <\/p>\n<p><strong>Artikel III: Versammlung des Herdbuches Limousin<\/strong><\/p>\n<p>Die Versammlung des Herd-Book Limousin besteht aus den Mitgliedern des Herd-Book Limousin, d.h. aus Personen, die an den Aktivit\u00e4ten des Herd-Book Limousin teilnehmen m\u00f6chten und einen Jahresbeitrag an das Herd-Book Limousin zahlen, der f\u00fcr das Gesch\u00e4ftsjahr, auf das er sich bezieht, g\u00fcltig ist.<\/p>\n<p>Die Herdbuchversammlung :<\/p>\n<ol>\n<li>ernennt und entl\u00e4sst die Mitglieder des Vorstandes des Herdbuches Limousin;<\/li>\n<li>schl\u00e4gt dem Verwaltungsrat von Elev\u00e9o :<\/li>\n<li>\u00c4nderungen der vorliegenden R.O.I,<\/li>\n<li>die Budgets der Aktivit\u00e4ten in Bezug auf die in Artikel I dieses R.O.I. genannten Angelegenheiten, einschlie\u00dflich der Herdbuchgeb\u00fchren,<\/li>\n<li>seine m\u00f6gliche Aufl\u00f6sung<\/li>\n<\/ol>\n<p>&nbsp;<\/p>\n<ol start=\"4\">\n<li>den m\u00f6glichen Ausschluss eines seiner stimmberechtigten Mitglieder;<\/li>\n<li>genehmigt den Jahresabschluss des Herdbuchs Limousin.<\/li>\n<li>definiert das Selektionsprogramm Limousin, in dem die Umsetzung der in Artikel I dieses R.O.I. genannten Themen festgelegt ist;<\/li>\n<\/ol>\n<p>Das Stimmrecht in der Versammlung des Herd-Book Limousin ist seinen Mitgliedern vorbehalten, die f\u00fcr das laufende Jahr zus\u00e4tzlich die folgenden Bedingungen erf\u00fcllen:<\/p>\n<ol>\n<li>Sie m\u00fcssen in \u00dcbereinstimmung mit den Rinderbeitr\u00e4gen bei Elev\u00e9o sein;<\/li>\n<li>Mindestens 4 aktive und beitragspflichtige K\u00fche im Herdbuch Limousin von Elev\u00e9o besitzen;<\/li>\n<li>Mindestens die Herde der Limousin-Rasse bei Elev\u00e9o registrieren;<\/li>\n<li>Nur der Inhaber des Betriebes ist berechtigt, am satzungsgem\u00e4\u00dfen Programm des Herd-Book Limousin teilzunehmen. Wenn der Betrieb auf den Namen einer Gesellschaft oder auf den Namen von Ehegatten und\/oder Verwandten ersten Grades eingetragen ist, kann nur einer der Miteigent\u00fcmer der Gesellschaft oder nur einer der Ehegatten oder Verwandten ein Mandat in der Herdbuchkommission aus\u00fcben; <\/li>\n<\/ol>\n<p>Die Mitglieder, die in der Versammlung stimmberechtigt sind, werden im Folgenden als &#8222;stimmberechtigte Mitglieder&#8220; bezeichnet.<\/p>\n<p>Stimmberechtigte Mitglieder, die acht Tage vor dem Datum der ordentlichen Versammlung ihre Jahresbeitr\u00e4ge an das Herd-Book Limousin und an Elev\u00e9o f\u00fcr das laufende Gesch\u00e4ftsjahr nicht bezahlt haben, verlieren ihre Eigenschaft als stimmberechtigtes Mitglied bei der Versammlung.<\/p>\n<p>Ein stimmberechtigtes Mitglied, das die oben beschriebenen Bedingungen nicht mehr erf\u00fcllt, verliert automatisch seine Qualifikation als stimmberechtigtes Mitglied, au\u00dfer wenn es Mitglied des Vorstandes des Herd-Book Limousin ist, in welchem Fall es seine Qualit\u00e4t als stimmberechtigtes Mitglied bis zum Datum der n\u00e4chsten Versammlung des Herd-Book Limousin beh\u00e4lt.<\/p>\n<p>Im Falle von Missbrauch oder Nichteinhaltung der Satzung von Elev\u00e9o oder der Gesch\u00e4ftsordnung oder wenn das Verhalten eines Mitglieds den Interessen von Elev\u00e9o oder eines seiner Mitglieder schadet, k\u00f6nnen Sanktionen (einschlie\u00dflich des Ausschlusses als letzte Form) gegen ein stimmberechtigtes Mitglied beim Vorstand von Elev\u00e9o beantragt werden, der in Anwendung von Artikel 6 der Satzung von Elev\u00e9o handelt:<\/p>\n<ol>\n<li>durch den Vorstand des Herdbuches Limousin, wenn es sich um ein nicht stimmberechtigtes Mitglied handelt;<\/li>\n<li>durch die Versammlung des Herd-Book Limousin mit einer Mehrheit von zwei Dritteln der anwesenden oder vertretenen Stimmen, wenn es sich um ein stimmberechtigtes Mitglied handelt.<\/li>\n<\/ol>\n<p><strong>Artikel IV: Versammlungen der Versammlung des Herd-Book Limousin<\/strong><\/p>\n<p>a- Die Versammlung wird auf schriftlichen Antrag, der an den Vorsitzenden der Herdbuchkommission gerichtet ist, einberufen von:<\/p>\n<p>&nbsp;<\/p>\n<ul>\n<li>Mindestens die H\u00e4lfte der Mitglieder des Ausschusses ;<\/li>\n<li>Mindestens ein F\u00fcnftel der stimmberechtigten Mitglieder ;<\/li>\n<li>Oder auf einfachen Beschluss des Vorstandes des Herdbuches Limousin in seiner Sitzung;<\/li>\n<li>Oder auf einfache Anfrage des Verwaltungsrates von Elev\u00e9o.<\/li>\n<li>Die Einladungen werden mindestens 10 Tage vor dem festgelegten Datum der Versammlung verschickt. Die Versammlung wird jedes Jahr mindestens 15 Tage vor der Generalversammlung von Elev\u00e9o einberufen, um den T\u00e4tigkeitsbericht und den Jahresabschluss f\u00fcr das vergangene Jahr vorzulegen. <\/li>\n<li>Der Ausschuss legt die Tagesordnung fest. Vorschl\u00e4ge zur Tagesordnung, die von mindestens einem Zwanzigstel der stimmberechtigten Mitglieder unterzeichnet sind, m\u00fcssen auf die Tagesordnung gesetzt werden. <\/li>\n<\/ul>\n<p><strong>Artikel V: Zusammensetzung des Limousin Herdbuchausschusses<\/strong><\/p>\n<ul>\n<li>Das Herd-Book Limousin wird von einem Komitee verwaltet, das aus mindestens 6 und h\u00f6chstens 12 Mitgliedern besteht, die von der Versammlung des Herd-Book Limousin unter seinen stimmberechtigten Mitgliedern ernannt werden.<\/li>\n<li>Um ein Mandat im Vorstand des Herdbuches Limousin auszu\u00fcben, muss man, zus\u00e4tzlich zur Mitgliedschaft als stimmberechtigtes Mitglied gem\u00e4\u00df den in Artikel II festgelegten Bedingungen, aktiver Z\u00fcchter im Alter von maximal 67 Jahren sein.<\/li>\n<li>Wenn ein Mitglied des Komitees innerhalb eines Jahres die Altersgrenze von 67 Jahren erreicht, scheidet es von Amts wegen aus. Jedes Mitglied des Komitees, das dreimal hintereinander unentschuldigt den Sitzungen des Komitees ferngeblieben ist, gilt als zur\u00fcckgetreten. <\/li>\n<li>Wenn ein Mandat aus irgendeinem Grund frei wird, beendet das von der Versammlung gew\u00e4hlte Mitglied des Ausschusses, das dieses Mandat ausf\u00fcllt, das Mandat desjenigen, den es ersetzt.<\/li>\n<li>Die Mitglieder des Herdbuchausschusses Limousin w\u00e4hlen aus ihrer Mitte mit absoluter Mehrheit in geheimer Abstimmung einen Pr\u00e4sidenten und zwei Vizepr\u00e4sidenten f\u00fcr eine Amtszeit von 4 Jahren. Der Vorsitzende kann nicht mehr als drei aufeinanderfolgende Amtszeiten von vier Jahren innehaben. <\/li>\n<li>Das Sekretariat der Sitzungen des Komitees oder der Versammlung wird von einem Mitarbeiter von Elev\u00e9o gef\u00fchrt, der in gegenseitigem Einvernehmen von der Gesch\u00e4ftsf\u00fchrung von Elev\u00e9o und dem Komitee bestimmt wird.<\/li>\n<li>Der Ausschuss tritt zusammen, wann immer der Vorsitzende es f\u00fcr notwendig erachtet. Auf schriftlichen Antrag von mindestens zwei Mitgliedern des Ausschusses ist der Vorsitzende verpflichtet, den Ausschuss innerhalb von 15 Tagen einzuberufen. <\/li>\n<li>Die Mitglieder des Ausschusses haben Anspruch auf Sitzungsgelder, Reise- und Aufenthaltskosten. Die H\u00f6he dieser Verg\u00fctungen und Entsch\u00e4digungen wird von der Versammlung auf Vorschlag des Ausschusses festgelegt. <\/li>\n<li>Zus\u00e4tzlich zu den Mandaten des Ausschusses, die von der Versammlung aus den Reihen ihrer stimmberechtigten Mitglieder gew\u00e4hlt werden, k\u00f6nnen bis zu zwei Gastmitglieder an den Sitzungen des Ausschusses und der Versammlung teilnehmen. Diese eingeladenen Mitglieder werden vom Ausschuss aus den Mitgliedern der Versammlung ausgew\u00e4hlt. Sie haben kein Stimmrecht im Ausschuss und in der Versammlung und k\u00f6nnen nicht zum Vorsitzenden oder stellvertretenden Vorsitzenden des Ausschusses gew\u00e4hlt werden.  <\/li>\n<\/ul>\n<p>&nbsp;<\/p>\n<p><strong>Artikel VI: Erneuerung des Ausschusses des Herdbuches Limousin<\/strong><\/p>\n<ul>\n<li>Die Mitglieder werden f\u00fcr eine Amtszeit von 4 Jahren ernannt. Der Vorstand wird alle 2 Jahre zur H\u00e4lfte erneuert, in \u00dcbereinstimmung mit den satzungsgem\u00e4\u00dfen Wahlen, die innerhalb von Elev\u00e9o organisiert werden. Der urspr\u00fcngliche Herdbuchausschuss besteht aus den Verwaltern zum 31. Oktober 2018 des Herdbuches Limousin asbl. Bei der Jahresversammlung im M\u00e4rz oder April 2019 wird die H\u00e4lfte des Vorstandes neu gew\u00e4hlt. Die ausscheidenden Vorstandsmitglieder sind diejenigen, deren Amtszeit bei der Herd-Book Limousin asbl im Jahr 2020 abl\u00e4uft.    <\/li>\n<li>Jedes Mitglied, das ohne begr\u00fcndete und innerhalb von 15 Tagen nach der Versammlung mitgeteilte Gr\u00fcnde dreimal hintereinander den Sitzungen des Vorstandes des Herd-Book Limousin fernbleibt, wird von Amts wegen als zur\u00fcckgetreten betrachtet. Er wird gem\u00e4\u00df Artikel V der vorliegenden ROI ersetzt. <\/li>\n<\/ul>\n<p><strong>Artikel VII: Einreichung von Bewerbungen f\u00fcr das Komitee des Herdbuches Limousin<\/strong><\/p>\n<p>a- Das Mitglied, das sich f\u00fcr ein offenes Mandat bewirbt, muss ein Bewerbungsformular einreichen, dessen Muster vom Sekretariat des Herd-Book Limousin erstellt wird.<\/p>\n<p>Der Stimmzettel muss den Namen und Vornamen des Kandidaten, die klare und deutliche Angabe des Mandats oder der Mandate, um die er sich bewirbt, sowie das Datum und die Unterschrift des Betreffenden enthalten.<\/p>\n<p>Das Bewerbungsformular muss bis sp\u00e4testens 13.00 Uhr am Vortag der einberufenen Versammlung beim Sekretariat des Herd-Book Limousin eingehen.<\/p>\n<p><strong>Artikel VIII: Abstimmungsmodalit\u00e4ten &#8211; Vollmachten<\/strong><\/p>\n<ul>\n<li>Vollmachten sind nicht zul\u00e4ssig, um sich im Vorstand des Herd-Book Limousin vertreten zu lassen.<\/li>\n<li>Bei den Versammlungen des Herd-Book Limousin kann sich ein stimmberechtigtes Mitglied durch ein anderes stimmberechtigtes Mitglied vertreten lassen. Das bevollm\u00e4chtigte Mitglied muss eine Vollmacht mit sich f\u00fchren, deren Muster vom Sekretariat von Elev\u00e9o festgelegt wird und die ordnungsgem\u00e4\u00df datiert und vom Vollmachtgeber unterzeichnet ist. Jedes stimmberechtigte Mitglied kann nur ein anderes stimmberechtigtes Mitglied vertreten.  <\/li>\n<\/ul>\n<p><strong>Artikel IX: Abstimmungsmodalit\u00e4ten &#8211; Wahlen<\/strong><\/p>\n<ul>\n<li>Vorstand des Herdbuches Limousin: Die Entscheidungen im Vorstand werden mit der einfachen Mehrheit der Stimmen der anwesenden Mitglieder getroffen. Im Falle einer Stimmengleichheit wird der Vorschlag erneut diskutiert und abgestimmt. Wenn die zweite Abstimmung Stimmengleichheit ergibt, gilt der Vorschlag als abgelehnt. Mindestens die H\u00e4lfte der Mitglieder des Ausschusses muss anwesend sein, damit ein Vorschlag zur Abstimmung gestellt werden kann.   <\/li>\n<li>Versammlung des Herd-Book Limousin: Die in der Versammlung gefassten Beschl\u00fcsse werden mit der einfachen Mehrheit der Stimmen der anwesenden oder rechtsg\u00fcltig vertretenen stimmberechtigten Mitglieder gefasst. Im Falle einer Stimmengleichheit wird der Vorschlag erneut diskutiert und abgestimmt. Wenn die zweite Abstimmung zu einer Stimmengleichheit f\u00fchrt, wird der Antrag angenommen.  <\/li>\n<\/ul>\n<p>&nbsp;<\/p>\n<p>als abgelehnt betrachtet. Die Abstimmung \u00fcber die Aufnahme eines Punktes, der nicht auf der Tagesordnung steht, muss von mindestens drei Vierteln der anwesenden stimmberechtigten Mitglieder genehmigt werden. <\/p>\n<ul>\n<li>Die Abstimmung \u00fcber eine \u00c4nderung des ROI der Kommission Herd-Book Limousin wird der Zustimmung der Versammlung des Herd-Book Limousin und der Genehmigung des Verwaltungsrates von Elev\u00e9o unterworfen.<\/li>\n<li>G\u00fcltigkeit von Stimmzetteln bei Wahlen :<\/li>\n<\/ul>\n<p>Nur g\u00fcltige Stimmzettel werden bei der Berechnung der erforderlichen Mehrheiten ber\u00fccksichtigt.<\/p>\n<p>Leere Stimmzettel werden als g\u00fcltige Stimmen betrachtet, da sie die Stimmenthaltung ausdr\u00fccken. Stimmzettel mit falschen Angaben sind jedoch ung\u00fcltig und werden als nicht abgegebene Stimmen gewertet. <\/p>\n<p>Der Stimmzettel bleibt auch dann g\u00fcltig, wenn er auf die Benennung einer geringeren Anzahl von Kandidaten als die Gesamtzahl der freien oder zu besetzenden Stellen lautet.<\/p>\n<p>Wenn die Wahl nicht alle erforderlichen Positionen mit der erforderlichen Stimmenmehrheit im ersten Wahlgang besetzen kann, wird eine zweite Wahl f\u00fcr die verbleibenden Positionen durchgef\u00fchrt. Wenn die Stimmen in einem dritten Wahlgang nicht die erforderliche Mehrheit ergeben, bleiben die nicht besetzten Positionen unbesetzt und die Abstimmung wird auf eine n\u00e4chste Sitzung verschoben. <\/p>\n<ul>\n<li>G\u00fcltigkeit von Stimmzetteln bei Entscheidungen (au\u00dfer Wahlen), die in geheimer Abstimmung getroffen werden :<\/li>\n<\/ul>\n<p>Die Abstimmung muss sich auf eine klar gestellte Frage beziehen, die als einzige m\u00f6gliche Antworten &#8222;Ja&#8220;, &#8222;Nein&#8220; oder einen leeren Stimmzettel ohne jede Angabe erwartet.<\/p>\n<p>Nur Stimmzettel, die mit &#8222;Ja&#8220; und &#8222;Nein&#8220; gekennzeichnet sind, sowie leere Stimmzettel ohne jede Kennzeichnung (die eine Stimmenthaltung ausdr\u00fccken) sind g\u00fcltig und werden bei der Berechnung der erforderlichen Mehrheiten ber\u00fccksichtigt. Stimmzettel mit falschen Angaben sind jedoch ung\u00fcltig und werden als nicht abgegebene Stimmen gewertet. <\/p>\n<p>[\/et_pb_text][\/et_pb_column][\/et_pb_row][\/et_pb_section]<\/p>\n","protected":false},"excerpt":{"rendered":"<p>Das belgische Herdbuch LimousinDas Belgische Limousin Herdbuch kann Ihnen helfen, das genetische Niveau Ihrer Herde zu verbessern und die Leistung (Zucht- und Fleischeigenschaften) Ihrer Tiere zu steigern.Herdbuchkommission Limousind&#8217;Elev\u00e9o asblInterne Gesch\u00e4ftsordnungDie vorliegende Gesch\u00e4ftsordnung (GO) wird gem\u00e4\u00df Artikel IX 1\u00b0) der GO von Elev\u00e9o VoG, nachstehend Elev\u00e9o genannt, erstellt. Die Bestimmungen von Artikel IX der I.O.R. von [&hellip;]<\/p>\n","protected":false},"author":1,"featured_media":0,"parent":5271,"menu_order":0,"comment_status":"closed","ping_status":"closed","template":"","meta":{"_et_pb_use_builder":"on","_et_pb_old_content":"","_et_gb_content_width":"","footnotes":""},"class_list":["post-5375","page","type-page","status-publish","hentry"],"_links":{"self":[{"href":"https:\/\/limousins.be\/de\/wp-json\/wp\/v2\/pages\/5375","targetHints":{"allow":["GET"]}}],"collection":[{"href":"https:\/\/limousins.be\/de\/wp-json\/wp\/v2\/pages"}],"about":[{"href":"https:\/\/limousins.be\/de\/wp-json\/wp\/v2\/types\/page"}],"author":[{"embeddable":true,"href":"https:\/\/limousins.be\/de\/wp-json\/wp\/v2\/users\/1"}],"replies":[{"embeddable":true,"href":"https:\/\/limousins.be\/de\/wp-json\/wp\/v2\/comments?post=5375"}],"version-history":[{"count":1,"href":"https:\/\/limousins.be\/de\/wp-json\/wp\/v2\/pages\/5375\/revisions"}],"predecessor-version":[{"id":5380,"href":"https:\/\/limousins.be\/de\/wp-json\/wp\/v2\/pages\/5375\/revisions\/5380"}],"up":[{"embeddable":true,"href":"https:\/\/limousins.be\/de\/wp-json\/wp\/v2\/pages\/5271"}],"wp:attachment":[{"href":"https:\/\/limousins.be\/de\/wp-json\/wp\/v2\/media?parent=5375"}],"curies":[{"name":"wp","href":"https:\/\/api.w.org\/{rel}","templated":true}]}}