{"id":5387,"date":"2023-02-12T11:06:39","date_gmt":"2023-02-12T10:06:39","guid":{"rendered":"https:\/\/limousins.be\/belgisches-herdbuch-limousin\/das-team\/"},"modified":"2025-04-16T16:33:23","modified_gmt":"2025-04-16T14:33:23","slug":"das-team","status":"publish","type":"page","link":"https:\/\/limousins.be\/de\/belgisches-herdbuch-limousin\/das-team\/","title":{"rendered":"Das Team"},"content":{"rendered":"<p>[et_pb_section fb_built=&#8220;1&#8243; disabled_on=&#8220;on|on|on&#8220; admin_label=&#8220;herdbook title et bg&#8220; _builder_version=&#8220;4.19.5&#8243; use_background_color_gradient=&#8220;on&#8220; background_color_gradient_direction=&#8220;90deg&#8220; background_color_gradient_stops=&#8220;rgba(244,240,233,0.9) 30%|rgba(244,240,233,0) 100%&#8220; background_color_gradient_overlays_image=&#8220;on&#8220; background_color_gradient_start=&#8220;rgba(244,240,233,0.9)&#8220; background_color_gradient_start_position=&#8220;30%&#8220; background_color_gradient_end=&#8220;rgba(244,240,233,0)&#8220; background_image=&#8220;https:\/\/limousins.sabeo.be\/wp-content\/uploads\/2023\/02\/herd_book_photo_groupe_libramont.jpg&#8220; custom_margin=&#8220;|||&#8220; custom_padding=&#8220;119px|0px|119px|0px&#8220; disabled=&#8220;on&#8220; global_colors_info=&#8220;{}&#8220;][et_pb_row custom_padding_last_edited=&#8220;off|desktop&#8220; admin_label=&#8220;Hero Area&#8220; _builder_version=&#8220;4.16&#8243; custom_padding=&#8220;27px|0px|0px|0px&#8220; global_colors_info=&#8220;{}&#8220;][et_pb_column type=&#8220;4_4&#8243; _builder_version=&#8220;4.16&#8243; custom_padding=&#8220;|||&#8220; global_colors_info=&#8220;{}&#8220; custom_padding__hover=&#8220;|||&#8220;][et_pb_text admin_label=&#8220;Hero Title&#8220; _builder_version=&#8220;4.19.5&#8243; text_font=&#8220;Playfair Display||||||||&#8220; header_font=&#8220;Alice||||||||&#8220; header_font_size=&#8220;80px&#8220; header_letter_spacing=&#8220;-3px&#8220; header_line_height=&#8220;1.1em&#8220; custom_margin=&#8220;||0px|&#8220; custom_padding=&#8220;|||&#8220; animation_style=&#8220;slide&#8220; animation_direction=&#8220;left&#8220; animation_intensity_slide=&#8220;5%&#8220; animation_starting_opacity=&#8220;100%&#8220; text_font_size_last_edited=&#8220;off|desktop&#8220; header_font_size_tablet=&#8220;&#8220; header_font_size_phone=&#8220;60px&#8220; header_font_size_last_edited=&#8220;on|phone&#8220; global_colors_info=&#8220;{}&#8220;]<\/p>\n<h1>Das Team des belgischen Herdbuchs Limousin<\/h1>\n<p>[\/et_pb_text][et_pb_text _builder_version=&#8220;4.19.5&#8243; text_font=&#8220;||||||||&#8220; text_font_size=&#8220;18px&#8220; text_line_height=&#8220;1.8em&#8220; header_font=&#8220;||||||||&#8220; max_width=&#8220;500px&#8220; custom_margin=&#8220;|||&#8220; custom_padding=&#8220;||10px|&#8220; animation_style=&#8220;slide&#8220; animation_direction=&#8220;left&#8220; animation_intensity_slide=&#8220;5%&#8220; animation_starting_opacity=&#8220;100%&#8220; global_colors_info=&#8220;{}&#8220;]<\/p>\n<p>Das Belgische Limousin-Herdbuch besteht aus einem Vorstand, einem Sekretariat und einem technischen Team.<\/p>\n<p>[\/et_pb_text][\/et_pb_column][\/et_pb_row][\/et_pb_section][et_pb_section fb_built=&#8220;1&#8243; admin_label=&#8220;Conseil d&#8217;administration&#8220; _builder_version=&#8220;4.19.5&#8243; background_color=&#8220;#f7f7f7&#8243; custom_padding=&#8220;90px||50px|&#8220; global_colors_info=&#8220;{}&#8220;][et_pb_row admin_label=&#8220;Titel Area&#8220; _builder_version=&#8220;4.16&#8243; locked=&#8220;off&#8220; global_colors_info=&#8220;{}&#8220;][et_pb_column type=&#8220;4_4&#8243; _builder_version=&#8220;4.16&#8243; custom_padding=&#8220;|||&#8220; global_colors_info=&#8220;{}&#8220; custom_padding__hover=&#8220;|||&#8220;][et_pb_text admin_label=&#8220;Title&#8220; _builder_version=&#8220;4.20.0&#8243; text_font=&#8220;||||||||&#8220; header_font=&#8220;||||||||&#8220; header_2_font=&#8220;||||||||&#8220; header_2_text_align=&#8220;center&#8220; header_2_font_size=&#8220;42px&#8220; custom_margin=&#8220;||20px|&#8220; animation_style=&#8220;slide&#8220; animation_direction=&#8220;top&#8220; animation_intensity_slide=&#8220;30%&#8220; animation_starting_opacity=&#8220;100%&#8220; header_2_font_size_tablet=&#8220;42px&#8220; header_2_font_size_phone=&#8220;38px&#8220; header_2_font_size_last_edited=&#8220;on|phone&#8220; global_colors_info=&#8220;{}&#8220;]<\/p>\n<h2>Der Verwaltungsrat<wbr><\/wbr>Verwaltung<\/h2>\n<p>[\/et_pb_text][et_pb_divider color=&#8220;#2a2a2a&#8220; divider_weight=&#8220;3px&#8220; _builder_version=&#8220;4.16&#8243; max_width=&#8220;50px&#8220; module_alignment=&#8220;center&#8220; custom_margin=&#8220;||10px|&#8220; animation_style=&#8220;slide&#8220; animation_direction=&#8220;top&#8220; animation_intensity_slide=&#8220;30%&#8220; animation_starting_opacity=&#8220;100%&#8220; global_colors_info=&#8220;{}&#8220;][\/et_pb_divider][et_pb_text admin_label=&#8220;Subtitle&#8220; _builder_version=&#8220;4.19.5&#8243; text_font=&#8220;||||||||&#8220; text_line_height=&#8220;1.8em&#8220; text_orientation=&#8220;center&#8220; max_width=&#8220;700px&#8220; module_alignment=&#8220;center&#8220; animation_style=&#8220;slide&#8220; animation_direction=&#8220;top&#8220; animation_intensity_slide=&#8220;20%&#8220; animation_starting_opacity=&#8220;100%&#8220; global_colors_info=&#8220;{}&#8220;]<\/p>\n<p>Das Belgische Limousin-Herdbuch besteht aus einem Vorstand, einem Sekretariat und einem technischen Team.<\/p>\n<p>[\/et_pb_text][et_pb_code admin_label=&#8220;css H\u00f6he Bilder&#8220; _builder_version=&#8220;4.19.5&#8243; _module_preset=&#8220;default&#8220; global_colors_info=&#8220;{}&#8220;]<\/p>\n<style><!-- [et_pb_line_break_holder] -->  <!-- [et_pb_line_break_holder] -->.et_pb_team_member_image img<!-- [et_pb_line_break_holder] -->  {<!-- [et_pb_line_break_holder] -->    max-height:350px;<!-- [et_pb_line_break_holder] -->    max-width:100%;<!-- [et_pb_line_break_holder] -->    width:auto;<!-- [et_pb_line_break_holder] -->    height:auto;<!-- [et_pb_line_break_holder] -->  }<!-- [et_pb_line_break_holder] --><\/style>\n<p>[\/et_pb_code][\/et_pb_column][\/et_pb_row][et_pb_row _builder_version=&#8220;4.20.4&#8243; _module_preset=&#8220;default&#8220; global_colors_info=&#8220;{}&#8220;][et_pb_column type=&#8220;4_4&#8243; _builder_version=&#8220;4.20.4&#8243; _module_preset=&#8220;default&#8220; global_colors_info=&#8220;{}&#8220;][et_pb_image src=&#8220;https:\/\/limousins.be\/wp-content\/uploads\/2025\/03\/ADS_5907-scaled.jpg&#8220; title_text=&#8220;ADS_5907&#8243; _builder_version=&#8220;4.27.4&#8243; _module_preset=&#8220;default&#8220; global_colors_info=&#8220;{}&#8220;][\/et_pb_image][\/et_pb_column][\/et_pb_row][et_pb_row column_structure=&#8220;1_3,1_3,1_3&#8243; admin_label=&#8220;Members Area&#8220; _builder_version=&#8220;4.16&#8243; global_colors_info=&#8220;{}&#8220;][et_pb_column type=&#8220;1_3&#8243; _builder_version=&#8220;4.16&#8243; custom_padding=&#8220;|||&#8220; global_colors_info=&#8220;{}&#8220; custom_padding__hover=&#8220;|||&#8220;][et_pb_team_member name=&#8220;Herr RABEUX Vincent&#8220; position=&#8220;Vorsitzender&#8220; image_url=&#8220;https:\/\/limousins.sabeo.be\/wp-content\/uploads\/2023\/02\/Vincent-scaled.jpg&#8220; admin_label=&#8220;M. RABEUX Vincent&#8220; _builder_version=&#8220;4.27.4&#8243; header_font=&#8220;|700|||||||&#8220; body_font=&#8220;||||||||&#8220; text_orientation=&#8220;left&#8220; animation_style=&#8220;fade&#8220; global_colors_info=&#8220;{}&#8220;]<\/p>\n<p>Ferme de Mos\u00e9e, 1<br \/>5590 CINEY<\/p>\n<p>Tel.: <a href=\"tel:0032498882022\">0498\/88.20.22<\/a><br \/>Email: <a href=\"mailto:vincent.rabeux@dumoulin.eu\">vincent.rabeux@dumoulin.eu<\/a><\/p>\n<p>Sprachen: Franz\u00f6sisch, Niederl\u00e4ndisch und Englisch<\/p>\n<p>[\/et_pb_team_member][\/et_pb_column][et_pb_column type=&#8220;1_3&#8243; _builder_version=&#8220;4.16&#8243; custom_padding=&#8220;|||&#8220; global_colors_info=&#8220;{}&#8220; custom_padding__hover=&#8220;|||&#8220;][et_pb_team_member name=&#8220;Herr BEGUIN Dimitri&#8220; position=&#8220;Vizepr\u00e4sident&#8220; image_url=&#8220;https:\/\/limousins.sabeo.be\/wp-content\/uploads\/2023\/02\/Dimitri.jpg&#8220; admin_label=&#8220;M. BEGUIN Dimitri&#8220; _builder_version=&#8220;4.19.5&#8243; header_font=&#8220;|700|||||||&#8220; body_font=&#8220;||||||||&#8220; text_orientation=&#8220;left&#8220; animation_style=&#8220;fade&#8220; global_colors_info=&#8220;{}&#8220;]<\/p>\n<p>Buresse-Stamm, 22<br \/>5360 HAMOIS<\/p>\n<p>Tel.: <a href=\"tel:0032498882022\">0472\/76.35.41<\/a><br \/>Email: <a href=\"mailto:dimitribeguin@hotmail.com\">dimitribeguin@hotmail.com<\/a><\/p>\n<p>[\/et_pb_team_member][\/et_pb_column][et_pb_column type=&#8220;1_3&#8243; _builder_version=&#8220;4.16&#8243; custom_padding=&#8220;|||&#8220; global_colors_info=&#8220;{}&#8220; custom_padding__hover=&#8220;|||&#8220;][et_pb_team_member name=&#8220;Herr BONHOMME J\u00e9r\u00f4me&#8220; position=&#8220;Vizepr\u00e4sident&#8220; image_url=&#8220;https:\/\/limousins.sabeo.be\/wp-content\/uploads\/2023\/02\/Jerome.jpg&#8220; admin_label=&#8220;M. BONHOMME J\u00e9r\u00f4me&#8220; _builder_version=&#8220;4.27.4&#8243; header_font=&#8220;|700|||||||&#8220; body_font=&#8220;||||||||&#8220; text_orientation=&#8220;left&#8220; animation_style=&#8220;fade&#8220; hover_enabled=&#8220;0&#8243; global_colors_info=&#8220;{}&#8220; sticky_enabled=&#8220;0&#8243;]<\/p>\n<p>Dr\u00e8ve de Maison Bois, 140<br \/>4800 ENSIVAL<\/p>\n<p>Tel.: <a href=\"tel:0032497556707\">0497\/55.67.07<\/a><br \/>Email : <span id=\"cloakf700f0d0be0a37a4f5fc7754423d33c1\"><a href=\"mailto:bonhommeconstruction@gmail.com\">bonhommeconstruction@gmail.com<\/a><\/span><\/p>\n<p>[\/et_pb_team_member][\/et_pb_column][\/et_pb_row][et_pb_row column_structure=&#8220;1_3,1_3,1_3&#8243; admin_label=&#8220;Members Area&#8220; _builder_version=&#8220;4.16&#8243; global_colors_info=&#8220;{}&#8220;][et_pb_column type=&#8220;1_3&#8243; _builder_version=&#8220;4.16&#8243; custom_padding=&#8220;|||&#8220; global_colors_info=&#8220;{}&#8220; custom_padding__hover=&#8220;|||&#8220;][et_pb_team_member name=&#8220;Herr BODSON Kevin&#8220; position=&#8220;Administrator&#8220; image_url=&#8220;https:\/\/limousins.sabeo.be\/wp-content\/uploads\/2023\/02\/Kevin-Bodson.png&#8220; admin_label=&#8220;M. BODSON Kevin&#8220; _builder_version=&#8220;4.27.4&#8243; header_font=&#8220;|700|||||||&#8220; body_font=&#8220;||||||||&#8220; text_orientation=&#8220;left&#8220; animation_style=&#8220;fade&#8220; hover_enabled=&#8220;0&#8243; global_colors_info=&#8220;{}&#8220; sticky_enabled=&#8220;0&#8243;]<\/p>\n<p>rue Vieux Fourneau, 10A<br \/>6941 IZIER<\/p>\n<p>Tel.: <a href=\"tel:0032494477548\">0494\/47.75.48<\/a><br \/>Email: <a href=\"mailto:kevin.bodson@arsia.be\">kevin.bodson@arsia.be<\/a><\/p>\n<p>[\/et_pb_team_member][\/et_pb_column][et_pb_column type=&#8220;1_3&#8243; _builder_version=&#8220;4.16&#8243; custom_padding=&#8220;|||&#8220; global_colors_info=&#8220;{}&#8220; custom_padding__hover=&#8220;|||&#8220;][et_pb_team_member name=&#8220;Herr GOFFINET David&#8220; position=&#8220;Administrator&#8220; image_url=&#8220;https:\/\/limousins.sabeo.be\/wp-content\/uploads\/2023\/02\/David.jpg&#8220; admin_label=&#8220;M. GOFFINET David&#8220; _builder_version=&#8220;4.27.4&#8243; header_font=&#8220;|700|||||||&#8220; body_font=&#8220;||||||||&#8220; text_orientation=&#8220;left&#8220; animation_style=&#8220;fade&#8220; global_colors_info=&#8220;{}&#8220;]<\/p>\n<p>Froidville, 4<br \/>4987 RAHIER<\/p>\n<p>Tel.: <a href=\"tel:0032479297005\">0479\/29.70.05<\/a><br \/>Email: <a href=\"mailto:dago1401@hotmail.com\">dago1401@hotmail.com<\/a><\/p>\n<p>[\/et_pb_team_member][\/et_pb_column][et_pb_column type=&#8220;1_3&#8243; _builder_version=&#8220;4.16&#8243; custom_padding=&#8220;|||&#8220; global_colors_info=&#8220;{}&#8220; custom_padding__hover=&#8220;|||&#8220;][et_pb_team_member name=&#8220;Herr DE WILDE Nicolas&#8220; position=&#8220;Administrator&#8220; image_url=&#8220;https:\/\/limousins.sabeo.be\/wp-content\/uploads\/2023\/02\/Nicolas.jpg&#8220; admin_label=&#8220;M. DE WILDE Nicolas&#8220; _builder_version=&#8220;4.27.4&#8243; header_font=&#8220;|700|||||||&#8220; body_font=&#8220;||||||||&#8220; text_orientation=&#8220;left&#8220; animation_style=&#8220;fade&#8220; global_colors_info=&#8220;{}&#8220;]<\/p>\n<p>rue du Bois Quinaux, 3 <br \/>1450 CORTIL-NOIRMONT<\/p>\n<p>Tel.: <a href=\"tel:0032498825200\">0498\/82.52.00<\/a><br \/>Email: <a href=\"mailto:nicolasdewilde6465@gmail.com\">nicolasdewilde6465@gmail.com<\/a><\/p>\n<p>[\/et_pb_team_member][\/et_pb_column][\/et_pb_row][et_pb_row column_structure=&#8220;1_3,1_3,1_3&#8243; admin_label=&#8220;Members Area&#8220; _builder_version=&#8220;4.16&#8243; global_colors_info=&#8220;{}&#8220;][et_pb_column type=&#8220;1_3&#8243; _builder_version=&#8220;4.16&#8243; custom_padding=&#8220;|||&#8220; global_colors_info=&#8220;{}&#8220; custom_padding__hover=&#8220;|||&#8220;][et_pb_team_member name=&#8220;Herr HENRY G\u00e9rard&#8220; position=&#8220;Administrator&#8220; image_url=&#8220;https:\/\/limousins.sabeo.be\/wp-content\/uploads\/2023\/02\/Gerard.jpg&#8220; disabled_on=&#8220;on|on|on&#8220; admin_label=&#8220;M. HENRY G\u00e9rard&#8220; _builder_version=&#8220;4.27.4&#8243; header_font=&#8220;|700|||||||&#8220; body_font=&#8220;||||||||&#8220; text_orientation=&#8220;left&#8220; animation_style=&#8220;fade&#8220; disabled=&#8220;on&#8220; global_colors_info=&#8220;{}&#8220;]<\/p>\n<p>rue Dr. Albert Hustin, 62<br \/>6760 ETHE <\/p>\n<p>Tel.: <a href=\"tel:0032496957485\">0496\/95.74.85<\/a><br \/>Email : <span id=\"cloak668098464c67ee207cc93bb6e7b306f8\"><a href=\"mailto:g.henry2602@gmail.com\">g.henry2602@gmail.com<\/a><\/span><\/p>\n<p>[\/et_pb_team_member][et_pb_team_member name=&#8220;Herr HOFFMANN Luc&#8220; position=&#8220;Administrator&#8220; image_url=&#8220;https:\/\/limousins.sabeo.be\/wp-content\/uploads\/2023\/02\/Luc.jpg&#8220; admin_label=&#8220;M. HOFFMANN Luc&#8220; _builder_version=&#8220;4.27.4&#8243; header_font=&#8220;|700|||||||&#8220; body_font=&#8220;||||||||&#8220; text_orientation=&#8220;left&#8220; animation_style=&#8220;fade&#8220; hover_enabled=&#8220;0&#8243; global_colors_info=&#8220;{}&#8220; sticky_enabled=&#8220;0&#8243;]<\/p>\n<p>Malscheid, 5A<br \/>4790 BURG-REULAND<\/p>\n<p>Tel.: <a href=\"tel:00352691420036\">+352 691\/42.00.36<\/a><br \/>Email : <span id=\"cloak77868ab80cfa4bd843b7c98457da50ab\"><a href=\"mailto:luc.hoffmann@legulux.com\">luc.hoffmann@legulux.com<\/a><\/span><\/p>\n<p>Gesprochene Sprachen: Franz\u00f6sisch, Deutsch, Englisch<\/p>\n<p>[\/et_pb_team_member][\/et_pb_column][et_pb_column type=&#8220;1_3&#8243; _builder_version=&#8220;4.16&#8243; custom_padding=&#8220;|||&#8220; global_colors_info=&#8220;{}&#8220; custom_padding__hover=&#8220;|||&#8220;][et_pb_team_member name=&#8220;Herr LACROIX Julien&#8220; position=&#8220;Administrator&#8220; image_url=&#8220;https:\/\/limousins.be\/wp-content\/uploads\/2023\/04\/Julien-Lacroix.jpg&#8220; admin_label=&#8220;M. Lacroix Julien&#8220; _builder_version=&#8220;4.27.4&#8243; header_font=&#8220;|700|||||||&#8220; body_font=&#8220;||||||||&#8220; text_orientation=&#8220;left&#8220; animation_style=&#8220;fade&#8220; hover_enabled=&#8220;0&#8243; global_colors_info=&#8220;{}&#8220; sticky_enabled=&#8220;0&#8243;]<\/p>\n<p>Chera Monseu 25<br \/>6941 Jenneret-Bende<\/p>\n<p>Tel.: <a href=\"tel:00324474600409\">0474\/60.04.09<\/a><br \/>Email: <a href=\"mailto:julien.lacroix0@gmail.com\">julien.lacroix0@gmail.com<\/a><\/p>\n<p>&nbsp;<\/p>\n<p>[\/et_pb_team_member][\/et_pb_column][et_pb_column type=&#8220;1_3&#8243; _builder_version=&#8220;4.16&#8243; custom_padding=&#8220;|||&#8220; global_colors_info=&#8220;{}&#8220; custom_padding__hover=&#8220;|||&#8220;][et_pb_team_member name=&#8220;Herr PERARD Kevin&#8220; position=&#8220;Administrator&#8220; image_url=&#8220;https:\/\/limousins.sabeo.be\/wp-content\/uploads\/2023\/02\/Kevin-Perard.jpg&#8220; admin_label=&#8220;M. PERARD Kevin&#8220; _builder_version=&#8220;4.27.4&#8243; header_font=&#8220;|700|||||||&#8220; body_font=&#8220;||||||||&#8220; text_orientation=&#8220;left&#8220; animation_style=&#8220;fade&#8220; global_colors_info=&#8220;{}&#8220;]<\/p>\n<p>Rue de Bru, 128A<br \/>6741 VANCE<\/p>\n<p>Tel.: <a href=\"tel:0032497457587\">0497\/45.75.87<\/a><br \/>Email: <a href=\"mailto:elevagedekelouli@gmail.com\">elevagedekelouli@gmail.com<\/a><span id=\"cloak77868ab80cfa4bd843b7c98457da50ab\"><\/span><\/p>\n<p>[\/et_pb_team_member][et_pb_team_member name=&#8220;Herr LOTHAIRE Carl&#8220; position=&#8220;Administrator&#8220; image_url=&#8220;https:\/\/limousins.sabeo.be\/wp-content\/uploads\/2023\/02\/Carl.png&#8220; disabled_on=&#8220;on|on|on&#8220; admin_label=&#8220;M. LOTHAIRE Carl&#8220; _builder_version=&#8220;4.27.4&#8243; header_font=&#8220;|700|||||||&#8220; body_font=&#8220;||||||||&#8220; text_orientation=&#8220;left&#8220; animation_style=&#8220;fade&#8220; disabled=&#8220;on&#8220; global_colors_info=&#8220;{}&#8220;]<\/p>\n<p>Rue Ban-Feully, 1<br \/>6852 MAISSIN<\/p>\n<p>Tel.: <a href=\"tel:0032496240421\">0496\/24.04.21<\/a><br \/>Email: <a href=\"mailto:carl.lothaire@belgacom.net\">carl.lothaire@belgacom.net<\/a><\/p>\n<p>[\/et_pb_team_member][\/et_pb_column][\/et_pb_row][et_pb_row column_structure=&#8220;1_3,1_3,1_3&#8243; admin_label=&#8220;Members Area&#8220; _builder_version=&#8220;4.16&#8243; global_colors_info=&#8220;{}&#8220;][et_pb_column type=&#8220;1_3&#8243; _builder_version=&#8220;4.16&#8243; custom_padding=&#8220;|||&#8220; global_colors_info=&#8220;{}&#8220; custom_padding__hover=&#8220;|||&#8220;][et_pb_team_member name=&#8220;Herr ROUSSEL L\u00e9on&#8220; position=&#8220;Administrator&#8220; image_url=&#8220;https:\/\/limousins.sabeo.be\/wp-content\/uploads\/2023\/02\/Leon.jpg&#8220; admin_label=&#8220;M. ROUSSEL L\u00e9on&#8220; _builder_version=&#8220;4.27.4&#8243; header_font=&#8220;|700|||||||&#8220; body_font=&#8220;||||||||&#8220; text_orientation=&#8220;left&#8220; animation_style=&#8220;fade&#8220; global_colors_info=&#8220;{}&#8220;]<\/p>\n<p>rue de G\u00e9rouville, 45, bte 2<br \/>6769 MEIX-DEVANT-VIRTON<\/p>\n<p>Tel.: <a href=\"tel:0032497125017\">0497\/12.50.17<\/a><br \/>Email: <a href=\"mailto:leon.roussel1995@gmail.com\">leon.roussel1995@gmail.com<\/a><\/p>\n<p>[\/et_pb_team_member][et_pb_team_member name=&#8220;Herr MOOS Fran\u00e7ois&#8220; position=&#8220;Administrator&#8220; image_url=&#8220;https:\/\/limousins.sabeo.be\/wp-content\/uploads\/2023\/02\/Francois.jpg&#8220; disabled_on=&#8220;on|on|on&#8220; admin_label=&#8220;M. MOOS Fran\u00e7ois&#8220; _builder_version=&#8220;4.20.4&#8243; header_font=&#8220;|700|||||||&#8220; body_font=&#8220;||||||||&#8220; text_orientation=&#8220;left&#8220; animation_style=&#8220;fade&#8220; disabled=&#8220;on&#8220; global_colors_info=&#8220;{}&#8220;]<\/p>\n<p>Rue Basse Hollande, 49<br \/>1370 SAINT-REMY-GEEST<\/p>\n<p>Tel.: <a href=\"tel:0032473501698\">0473\/50.16.98<\/a><br \/>Email: <a href=\"mailto:francoismoos@hotmail.com\">francoismoos@hotmail.com<\/a><span id=\"cloak668098464c67ee207cc93bb6e7b306f8\"><\/span><\/p>\n<p>[\/et_pb_team_member][\/et_pb_column][et_pb_column type=&#8220;1_3&#8243; _builder_version=&#8220;4.16&#8243; custom_padding=&#8220;|||&#8220; global_colors_info=&#8220;{}&#8220; custom_padding__hover=&#8220;|||&#8220;][et_pb_team_member name=&#8220;Herr MINON Fr\u00e9d\u00e9ric&#8220; position=&#8220;Administrator&#8220; image_url=&#8220;https:\/\/limousins.be\/wp-content\/uploads\/2025\/03\/ADS_5911.jpg&#8220; admin_label=&#8220;Fr\u00e9d\u00e9ric Minon&#8220; _builder_version=&#8220;4.27.4&#8243; header_font=&#8220;|700|||||||&#8220; body_font=&#8220;||||||||&#8220; text_orientation=&#8220;left&#8220; animation_style=&#8220;fade&#8220; global_colors_info=&#8220;{}&#8220;]<\/p>\n<p>rue de Humain, 15 <br \/>5590 SERINCHAMPS<\/p>\n<p>Tel.: <a href=\"tel:0032470032250\">0470 \/ 03 22 50<\/a><br \/>Email: <span id=\"cloak77868ab80cfa4bd843b7c98457da50ab\"><a href=\"mailto:minonfrederic010gmail.com\">minonfrederic010gmail.com<\/a><\/span><\/p>\n<p>Gesprochene Sprachen: Franz\u00f6sisch, Englisch<\/p>\n<p>[\/et_pb_team_member][\/et_pb_column][et_pb_column type=&#8220;1_3&#8243; _builder_version=&#8220;4.16&#8243; custom_padding=&#8220;|||&#8220; global_colors_info=&#8220;{}&#8220; custom_padding__hover=&#8220;|||&#8220;][et_pb_team_member name=&#8220;Herr ENGELSKIRCHEN Vincent  &#8220; position=&#8220;Administrator&#8220; image_url=&#8220;https:\/\/limousins.be\/wp-content\/uploads\/2025\/03\/ADS_5912.jpg&#8220; admin_label=&#8220;Vincent Engelskirchen&#8220; _builder_version=&#8220;4.27.4&#8243; header_font=&#8220;|700|||||||&#8220; body_font=&#8220;||||||||&#8220; text_orientation=&#8220;left&#8220; animation_style=&#8220;fade&#8220; global_colors_info=&#8220;{}&#8220;]<\/p>\n<p>Route de Foyr, 180<br \/>4845 JALHAY<\/p>\n<p>Tel.: <a href=\"tel:0032497408449\">0497 \/ 40 84 49<\/a><br \/>Email : <span id=\"cloak77868ab80cfa4bd843b7c98457da50ab\"><a href=\"mailto:vincentkirchen@gmail.com\">vincentkirchen@gmail.com<\/a><\/span><\/p>\n<p>[\/et_pb_team_member][\/et_pb_column][\/et_pb_row][et_pb_row column_structure=&#8220;1_3,1_3,1_3&#8243; admin_label=&#8220;Members Area&#8220; _builder_version=&#8220;4.16&#8243; global_colors_info=&#8220;{}&#8220;][et_pb_column type=&#8220;1_3&#8243; _builder_version=&#8220;4.16&#8243; custom_padding=&#8220;|||&#8220; global_colors_info=&#8220;{}&#8220; custom_padding__hover=&#8220;|||&#8220;][et_pb_team_member name=&#8220;Frau LAMBORAY C\u00e9cile&#8220; position=&#8220;Sekret\u00e4rin&#8220; image_url=&#8220;https:\/\/limousins.sabeo.be\/wp-content\/uploads\/2023\/02\/Cecile-LAMBORAY-_-Secretaire.jpg&#8220; admin_label=&#8220;Mme LAMBORAY C\u00e9cile&#8220; _builder_version=&#8220;4.27.4&#8243; header_font=&#8220;|700|||||||&#8220; body_font=&#8220;||||||||&#8220; text_orientation=&#8220;left&#8220; animation_style=&#8220;fade&#8220; global_colors_info=&#8220;{}&#8220;]<\/p>\n<p>rue des Champs Elys\u00e9es, 4<br \/>5590 CINEY<\/p>\n<p>Tel.: <a href=\"tel:003283230675\">083\/23.06.75 <\/a><br \/>Email: <span id=\"cloak6eab92bff3e892ef407e845ca2294aac\"><a href=\"mailto:clamboray@awegroupe.be\">clamboray@awegroupe.be<\/a><\/span><span id=\"cloak668098464c67ee207cc93bb6e7b306f8\"><\/span><\/p>\n<p>[\/et_pb_team_member][\/et_pb_column][et_pb_column type=&#8220;1_3&#8243; _builder_version=&#8220;4.16&#8243; custom_padding=&#8220;|||&#8220; global_colors_info=&#8220;{}&#8220; custom_padding__hover=&#8220;|||&#8220;][et_pb_team_member name=&#8220;Herr LEJEUNE Lo\u00efc&#8220; position=&#8220;Techniker&#8220; image_url=&#8220;https:\/\/limousins.sabeo.be\/wp-content\/uploads\/2023\/02\/Loic-scaled.jpg&#8220; admin_label=&#8220;M. LEJEUNE Lo\u00efc&#8220; _builder_version=&#8220;4.27.4&#8243; header_font=&#8220;|700|||||||&#8220; body_font=&#8220;||||||||&#8220; text_orientation=&#8220;left&#8220; animation_style=&#8220;fade&#8220; hover_enabled=&#8220;0&#8243; global_colors_info=&#8220;{}&#8220; sticky_enabled=&#8220;0&#8243;]<\/p>\n<p>rue des Champs Elys\u00e9es, 4<br \/>5590 CINEY<\/p>\n<p>Tel.: <a href=\"tel:0032470209047\">0470\/.20.90.47<\/a><br \/>Email: <a href=\"mailto:lolejeune@awegroupe.be\">lolejeune@awegroupe.be<\/a><span id=\"cloak77868ab80cfa4bd843b7c98457da50ab\"><\/span><\/p>\n<p>[\/et_pb_team_member][\/et_pb_column][et_pb_column type=&#8220;1_3&#8243; _builder_version=&#8220;4.16&#8243; custom_padding=&#8220;|||&#8220; global_colors_info=&#8220;{}&#8220; custom_padding__hover=&#8220;|||&#8220;][\/et_pb_column][\/et_pb_row][\/et_pb_section]<\/p>\n","protected":false},"excerpt":{"rendered":"<p>Das Team des belgischen Herdbuchs LimousinDas Belgische Limousin-Herdbuch besteht aus einem Vorstand, einem Sekretariat und einem technischen Team.Der VerwaltungsratVerwaltungDas Belgische Limousin-Herdbuch besteht aus einem Vorstand, einem Sekretariat und einem technischen Team.Ferme de Mos\u00e9e, 15590 CINEY Tel.: 0498\/88.20.22Email: vincent.rabeux@dumoulin.eu Sprachen: Franz\u00f6sisch, Niederl\u00e4ndisch und EnglischBuresse-Stamm, 225360 HAMOIS Tel.: 0472\/76.35.41Email: dimitribeguin@hotmail.comDr\u00e8ve de Maison Bois, 1404800 ENSIVAL Tel.: 0497\/55.67.07Email [&hellip;]<\/p>\n","protected":false},"author":1,"featured_media":0,"parent":5271,"menu_order":0,"comment_status":"closed","ping_status":"closed","template":"","meta":{"_et_pb_use_builder":"on","_et_pb_old_content":"","_et_gb_content_width":"","footnotes":""},"class_list":["post-5387","page","type-page","status-publish","hentry"],"_links":{"self":[{"href":"https:\/\/limousins.be\/de\/wp-json\/wp\/v2\/pages\/5387","targetHints":{"allow":["GET"]}}],"collection":[{"href":"https:\/\/limousins.be\/de\/wp-json\/wp\/v2\/pages"}],"about":[{"href":"https:\/\/limousins.be\/de\/wp-json\/wp\/v2\/types\/page"}],"author":[{"embeddable":true,"href":"https:\/\/limousins.be\/de\/wp-json\/wp\/v2\/users\/1"}],"replies":[{"embeddable":true,"href":"https:\/\/limousins.be\/de\/wp-json\/wp\/v2\/comments?post=5387"}],"version-history":[{"count":5,"href":"https:\/\/limousins.be\/de\/wp-json\/wp\/v2\/pages\/5387\/revisions"}],"predecessor-version":[{"id":5983,"href":"https:\/\/limousins.be\/de\/wp-json\/wp\/v2\/pages\/5387\/revisions\/5983"}],"up":[{"embeddable":true,"href":"https:\/\/limousins.be\/de\/wp-json\/wp\/v2\/pages\/5271"}],"wp:attachment":[{"href":"https:\/\/limousins.be\/de\/wp-json\/wp\/v2\/media?parent=5387"}],"curies":[{"name":"wp","href":"https:\/\/api.w.org\/{rel}","templated":true}]}}